{"id":38779,"date":"2025-08-11T14:44:20","date_gmt":"2025-08-11T11:44:20","guid":{"rendered":"https:\/\/book-berries.com\/product\/fatima-azzahraa-%d9%81%d8%a7%d8%b7%d9%85%d8%a9-%d8%a7%d9%84%d8%b2%d9%87%d8%b1%d8%a7%d8%a1\/"},"modified":"2025-11-10T02:27:29","modified_gmt":"2025-11-10T00:27:29","slug":"fatima-azzahraa-%d9%81%d8%a7%d8%b7%d9%85%d8%a9-%d8%a7%d9%84%d8%b2%d9%87%d8%b1%d8%a7%d8%a1","status":"publish","type":"product","link":"https:\/\/book-berries.com\/ar\/product\/fatima-azzahraa-%d9%81%d8%a7%d8%b7%d9%85%d8%a9-%d8%a7%d9%84%d8%b2%d9%87%d8%b1%d8%a7%d8%a1\/","title":{"rendered":"Fatima Azzahraa \u0641\u0627\u0637\u0645\u0629 \u0627\u0644\u0632\u0647\u0631\u0627\u0621"},"content":{"rendered":"<div class=\"Body_Item__Description\">\n<div class=\"rtl a-left\">\n<div class=\"Body_Item__Description__Text\">\n<div class=\"Body_Item__Description__FullText\">Le propos de ce livre ne consiste pas \u00e0 retracer purement et simplement une &#8220;histoire&#8221; de Fatima Az-Zahra (s)\u060c la fille du Proph\u00e8te Mohammed (pslf)\u060c de sa l\u00e9gende\u060c de sa vie\u060c de ses dires. Il vise tout \u00e0 la fois un dessein de r\u00e9habilitation dans la pens\u00e9e occidentale et une n\u00e9cessit\u00e9 de faire conna\u00eetre la Dame de l Histoire de l humanit\u00e9<\/div>\n<\/div>\n<\/div>\n<\/div>\n<div class=\"Body_Item__Details\"><\/div>","protected":false},"excerpt":{"rendered":"<p>\u0645\u062d\u0645\u062f \u0628\u0646 \u0639\u0628\u062f \u0627\u0644\u0631\u062d\u0645\u0646<\/p>","protected":false},"featured_media":61501,"comment_status":"open","ping_status":"closed","template":"","meta":{"_acf_changed":false,"_uag_custom_page_level_css":"","site-sidebar-layout":"default","site-content-layout":"","ast-site-content-layout":"default","site-content-style":"default","site-sidebar-style":"default","ast-global-header-display":"","ast-banner-title-visibility":"","ast-main-header-display":"","ast-hfb-above-header-display":"","ast-hfb-below-header-display":"","ast-hfb-mobile-header-display":"","site-post-title":"","ast-breadcrumbs-content":"","ast-featured-img":"","footer-sml-layout":"","ast-disable-related-posts":"","theme-transparent-header-meta":"default","adv-header-id-meta":"","stick-header-meta":"","header-above-stick-meta":"","header-main-stick-meta":"","header-below-stick-meta":"","astra-migrate-meta-layouts":"set","ast-page-background-enabled":"default","ast-page-background-meta":{"desktop":{"background-color":"","background-image":"","background-repeat":"repeat","background-position":"center center","background-size":"auto","background-attachment":"scroll","background-type":"","background-media":"","overlay-type":"","overlay-color":"","overlay-opacity":"","overlay-gradient":""},"tablet":{"background-color":"","background-image":"","background-repeat":"repeat","background-position":"center center","background-size":"auto","background-attachment":"scroll","background-type":"","background-media":"","overlay-type":"","overlay-color":"","overlay-opacity":"","overlay-gradient":""},"mobile":{"background-color":"","background-image":"","background-repeat":"repeat","background-position":"center center","background-size":"auto","background-attachment":"scroll","background-type":"","background-media":"","overlay-type":"","overlay-color":"","overlay-opacity":"","overlay-gradient":""}},"ast-content-background-meta":{"desktop":{"background-color":"var(--ast-global-color-5)","background-image":"","background-repeat":"repeat","background-position":"center center","background-size":"auto","background-attachment":"scroll","background-type":"","background-media":"","overlay-type":"","overlay-color":"","overlay-opacity":"","overlay-gradient":""},"tablet":{"background-color":"var(--ast-global-color-5)","background-image":"","background-repeat":"repeat","background-position":"center center","background-size":"auto","background-attachment":"scroll","background-type":"","background-media":"","overlay-type":"","overlay-color":"","overlay-opacity":"","overlay-gradient":""},"mobile":{"background-color":"var(--ast-global-color-5)","background-image":"","background-repeat":"repeat","background-position":"center center","background-size":"auto","background-attachment":"scroll","background-type":"","background-media":"","overlay-type":"","overlay-color":"","overlay-opacity":"","overlay-gradient":""}}},"product_brand":[],"product_cat":[2052,1614],"product_tag":[],"class_list":{"0":"post-38779","1":"product","2":"type-product","3":"status-publish","4":"has-post-thumbnail","6":"product_cat-2052","7":"product_cat-1614","8":"desktop-align-left","9":"tablet-align-left","10":"mobile-align-left","12":"first","13":"instock","14":"shipping-taxable","15":"purchasable","16":"product-type-simple"},"acf":[],"uagb_featured_image_src":{"full":["https:\/\/book-berries.com\/wp-content\/uploads\/2025\/08\/\u0641\u0627\u0637\u0645\u0629-\u0627\u0644\u0632\u0647\u0631\u0627\u0621-Fatima-Azzahra.jpg",150,250,false],"thumbnail":["https:\/\/book-berries.com\/wp-content\/uploads\/2025\/08\/\u0641\u0627\u0637\u0645\u0629-\u0627\u0644\u0632\u0647\u0631\u0627\u0621-Fatima-Azzahra-150x150.jpg",150,150,true],"medium":["https:\/\/book-berries.com\/wp-content\/uploads\/2025\/08\/\u0641\u0627\u0637\u0645\u0629-\u0627\u0644\u0632\u0647\u0631\u0627\u0621-Fatima-Azzahra.jpg",150,250,false],"medium_large":["https:\/\/book-berries.com\/wp-content\/uploads\/2025\/08\/\u0641\u0627\u0637\u0645\u0629-\u0627\u0644\u0632\u0647\u0631\u0627\u0621-Fatima-Azzahra.jpg",150,250,false],"large":["https:\/\/book-berries.com\/wp-content\/uploads\/2025\/08\/\u0641\u0627\u0637\u0645\u0629-\u0627\u0644\u0632\u0647\u0631\u0627\u0621-Fatima-Azzahra.jpg",150,250,false],"1536x1536":["https:\/\/book-berries.com\/wp-content\/uploads\/2025\/08\/\u0641\u0627\u0637\u0645\u0629-\u0627\u0644\u0632\u0647\u0631\u0627\u0621-Fatima-Azzahra.jpg",150,250,false],"2048x2048":["https:\/\/book-berries.com\/wp-content\/uploads\/2025\/08\/\u0641\u0627\u0637\u0645\u0629-\u0627\u0644\u0632\u0647\u0631\u0627\u0621-Fatima-Azzahra.jpg",150,250,false],"trp-custom-language-flag":["https:\/\/book-berries.com\/wp-content\/uploads\/2025\/08\/\u0641\u0627\u0637\u0645\u0629-\u0627\u0644\u0632\u0647\u0631\u0627\u0621-Fatima-Azzahra-7x12.jpg",7,12,true],"woocommerce_thumbnail":["https:\/\/book-berries.com\/wp-content\/uploads\/2025\/08\/\u0641\u0627\u0637\u0645\u0629-\u0627\u0644\u0632\u0647\u0631\u0627\u0621-Fatima-Azzahra.jpg",150,250,false],"woocommerce_single":["https:\/\/book-berries.com\/wp-content\/uploads\/2025\/08\/\u0641\u0627\u0637\u0645\u0629-\u0627\u0644\u0632\u0647\u0631\u0627\u0621-Fatima-Azzahra.jpg",150,250,false],"woocommerce_gallery_thumbnail":["https:\/\/book-berries.com\/wp-content\/uploads\/2025\/08\/\u0641\u0627\u0637\u0645\u0629-\u0627\u0644\u0632\u0647\u0631\u0627\u0621-Fatima-Azzahra-100x100.jpg",100,100,true],"dgwt-wcas-product-suggestion":["https:\/\/book-berries.com\/wp-content\/uploads\/2025\/08\/\u0641\u0627\u0637\u0645\u0629-\u0627\u0644\u0632\u0647\u0631\u0627\u0621-Fatima-Azzahra-64x107.jpg",64,107,true]},"uagb_author_info":{"display_name":"bookberrieslb@gmail.com","author_link":"https:\/\/book-berries.com\/ar\/author\/"},"uagb_comment_info":0,"uagb_excerpt":"\u0645\u062d\u0645\u062f \u0628\u0646 \u0639\u0628\u062f \u0627\u0644\u0631\u062d\u0645\u0646","jetpack_likes_enabled":true,"jetpack_sharing_enabled":true,"_links":{"self":[{"href":"https:\/\/book-berries.com\/ar\/wp-json\/wp\/v2\/product\/38779","targetHints":{"allow":["GET"]}}],"collection":[{"href":"https:\/\/book-berries.com\/ar\/wp-json\/wp\/v2\/product"}],"about":[{"href":"https:\/\/book-berries.com\/ar\/wp-json\/wp\/v2\/types\/product"}],"replies":[{"embeddable":true,"href":"https:\/\/book-berries.com\/ar\/wp-json\/wp\/v2\/comments?post=38779"}],"wp:featuredmedia":[{"embeddable":true,"href":"https:\/\/book-berries.com\/ar\/wp-json\/wp\/v2\/media\/61501"}],"wp:attachment":[{"href":"https:\/\/book-berries.com\/ar\/wp-json\/wp\/v2\/media?parent=38779"}],"wp:term":[{"taxonomy":"product_brand","embeddable":true,"href":"https:\/\/book-berries.com\/ar\/wp-json\/wp\/v2\/product_brand?post=38779"},{"taxonomy":"product_cat","embeddable":true,"href":"https:\/\/book-berries.com\/ar\/wp-json\/wp\/v2\/product_cat?post=38779"},{"taxonomy":"product_tag","embeddable":true,"href":"https:\/\/book-berries.com\/ar\/wp-json\/wp\/v2\/product_tag?post=38779"}],"curies":[{"name":"wp","href":"https:\/\/api.w.org\/{rel}","templated":true}]}}