{"id":46936,"date":"2025-08-11T15:59:30","date_gmt":"2025-08-11T12:59:30","guid":{"rendered":"https:\/\/book-berries.com\/product\/en-ton-nom-nous-vivons\/"},"modified":"2026-01-25T14:28:12","modified_gmt":"2026-01-25T12:28:12","slug":"en-ton-nom-nous-vivons","status":"publish","type":"product","link":"https:\/\/book-berries.com\/ar\/product\/en-ton-nom-nous-vivons\/","title":{"rendered":"En Ton Nom nous Vivons"},"content":{"rendered":"<p>Ce livre ne ressemble \u00e0 aucun autre livre. Pourquoi? Parce que c&#8217;est un livre qui parle d&#8217;Allah le Glorieux. Qui est Allah? Comment Le conna\u00eetre? Comment le conna\u00eetre dans toute Sa puissance et Sa gloire et comment faire pour \u00eatre guid\u00e9 dans la vie par Sa lumi\u00e8re vivante et vivifiante? Nous vivons au Nom d&#8217;Allah?<\/p>","protected":false},"excerpt":{"rendered":"<p>\u0639\u0645\u0631\u0648 \u062e\u0627\u0644\u062f<\/p>","protected":false},"featured_media":65450,"comment_status":"open","ping_status":"closed","template":"","meta":{"_acf_changed":false,"_uag_custom_page_level_css":"","site-sidebar-layout":"default","site-content-layout":"","ast-site-content-layout":"default","site-content-style":"default","site-sidebar-style":"default","ast-global-header-display":"","ast-banner-title-visibility":"","ast-main-header-display":"","ast-hfb-above-header-display":"","ast-hfb-below-header-display":"","ast-hfb-mobile-header-display":"","site-post-title":"","ast-breadcrumbs-content":"","ast-featured-img":"","footer-sml-layout":"","ast-disable-related-posts":"","theme-transparent-header-meta":"default","adv-header-id-meta":"","stick-header-meta":"","header-above-stick-meta":"","header-main-stick-meta":"","header-below-stick-meta":"","astra-migrate-meta-layouts":"set","ast-page-background-enabled":"default","ast-page-background-meta":{"desktop":{"background-color":"","background-image":"","background-repeat":"repeat","background-position":"center center","background-size":"auto","background-attachment":"scroll","background-type":"","background-media":"","overlay-type":"","overlay-color":"","overlay-opacity":"","overlay-gradient":""},"tablet":{"background-color":"","background-image":"","background-repeat":"repeat","background-position":"center center","background-size":"auto","background-attachment":"scroll","background-type":"","background-media":"","overlay-type":"","overlay-color":"","overlay-opacity":"","overlay-gradient":""},"mobile":{"background-color":"","background-image":"","background-repeat":"repeat","background-position":"center center","background-size":"auto","background-attachment":"scroll","background-type":"","background-media":"","overlay-type":"","overlay-color":"","overlay-opacity":"","overlay-gradient":""}},"ast-content-background-meta":{"desktop":{"background-color":"var(--ast-global-color-5)","background-image":"","background-repeat":"repeat","background-position":"center center","background-size":"auto","background-attachment":"scroll","background-type":"","background-media":"","overlay-type":"","overlay-color":"","overlay-opacity":"","overlay-gradient":""},"tablet":{"background-color":"var(--ast-global-color-5)","background-image":"","background-repeat":"repeat","background-position":"center center","background-size":"auto","background-attachment":"scroll","background-type":"","background-media":"","overlay-type":"","overlay-color":"","overlay-opacity":"","overlay-gradient":""},"mobile":{"background-color":"var(--ast-global-color-5)","background-image":"","background-repeat":"repeat","background-position":"center center","background-size":"auto","background-attachment":"scroll","background-type":"","background-media":"","overlay-type":"","overlay-color":"","overlay-opacity":"","overlay-gradient":""}}},"product_brand":[],"product_cat":[2262,1467,2054],"product_tag":[],"class_list":{"0":"post-46936","1":"product","2":"type-product","3":"status-publish","4":"has-post-thumbnail","6":"product_cat-french","7":"product_cat-1467","8":"product_cat-2054","9":"desktop-align-left","10":"tablet-align-left","11":"mobile-align-left","13":"first","14":"instock","15":"shipping-taxable","16":"purchasable","17":"product-type-simple"},"acf":[],"uagb_featured_image_src":{"full":["https:\/\/book-berries.com\/wp-content\/uploads\/2025\/08\/En-Ton-Nom-nous-vivons.gif",110,161,false],"thumbnail":["https:\/\/book-berries.com\/wp-content\/uploads\/2025\/08\/En-Ton-Nom-nous-vivons-110x150.gif",110,150,true],"medium":["https:\/\/book-berries.com\/wp-content\/uploads\/2025\/08\/En-Ton-Nom-nous-vivons.gif",110,161,false],"medium_large":["https:\/\/book-berries.com\/wp-content\/uploads\/2025\/08\/En-Ton-Nom-nous-vivons.gif",110,161,false],"large":["https:\/\/book-berries.com\/wp-content\/uploads\/2025\/08\/En-Ton-Nom-nous-vivons.gif",110,161,false],"1536x1536":["https:\/\/book-berries.com\/wp-content\/uploads\/2025\/08\/En-Ton-Nom-nous-vivons.gif",110,161,false],"2048x2048":["https:\/\/book-berries.com\/wp-content\/uploads\/2025\/08\/En-Ton-Nom-nous-vivons.gif",110,161,false],"trp-custom-language-flag":["https:\/\/book-berries.com\/wp-content\/uploads\/2025\/08\/En-Ton-Nom-nous-vivons-8x12.gif",8,12,true],"woocommerce_thumbnail":["https:\/\/book-berries.com\/wp-content\/uploads\/2025\/08\/En-Ton-Nom-nous-vivons.gif",110,161,false],"woocommerce_single":["https:\/\/book-berries.com\/wp-content\/uploads\/2025\/08\/En-Ton-Nom-nous-vivons.gif",110,161,false],"woocommerce_gallery_thumbnail":["https:\/\/book-berries.com\/wp-content\/uploads\/2025\/08\/En-Ton-Nom-nous-vivons-100x100.gif",100,100,true],"dgwt-wcas-product-suggestion":["https:\/\/book-berries.com\/wp-content\/uploads\/2025\/08\/En-Ton-Nom-nous-vivons-64x94.gif",64,94,true]},"uagb_author_info":{"display_name":"bookberrieslb@gmail.com","author_link":"https:\/\/book-berries.com\/ar\/author\/"},"uagb_comment_info":0,"uagb_excerpt":"\u0639\u0645\u0631\u0648 \u062e\u0627\u0644\u062f","jetpack_likes_enabled":true,"jetpack_sharing_enabled":true,"_links":{"self":[{"href":"https:\/\/book-berries.com\/ar\/wp-json\/wp\/v2\/product\/46936","targetHints":{"allow":["GET"]}}],"collection":[{"href":"https:\/\/book-berries.com\/ar\/wp-json\/wp\/v2\/product"}],"about":[{"href":"https:\/\/book-berries.com\/ar\/wp-json\/wp\/v2\/types\/product"}],"replies":[{"embeddable":true,"href":"https:\/\/book-berries.com\/ar\/wp-json\/wp\/v2\/comments?post=46936"}],"wp:featuredmedia":[{"embeddable":true,"href":"https:\/\/book-berries.com\/ar\/wp-json\/wp\/v2\/media\/65450"}],"wp:attachment":[{"href":"https:\/\/book-berries.com\/ar\/wp-json\/wp\/v2\/media?parent=46936"}],"wp:term":[{"taxonomy":"product_brand","embeddable":true,"href":"https:\/\/book-berries.com\/ar\/wp-json\/wp\/v2\/product_brand?post=46936"},{"taxonomy":"product_cat","embeddable":true,"href":"https:\/\/book-berries.com\/ar\/wp-json\/wp\/v2\/product_cat?post=46936"},{"taxonomy":"product_tag","embeddable":true,"href":"https:\/\/book-berries.com\/ar\/wp-json\/wp\/v2\/product_tag?post=46936"}],"curies":[{"name":"wp","href":"https:\/\/api.w.org\/{rel}","templated":true}]}}