{"id":46952,"date":"2025-08-11T15:59:34","date_gmt":"2025-08-11T12:59:34","guid":{"rendered":"https:\/\/book-berries.com\/product\/sur-les-traces-du-bien-aime\/"},"modified":"2026-01-25T14:31:45","modified_gmt":"2026-01-25T12:31:45","slug":"sur-les-traces-du-bien-aime","status":"publish","type":"product","link":"https:\/\/book-berries.com\/ar\/product\/sur-les-traces-du-bien-aime\/","title":{"rendered":"Sur Les Traces Du Bien-Aime"},"content":{"rendered":"<p data-start=\"98\" data-end=\"291\">Sur les pas du bien-aim\u00e9\u2026 Ce sont l\u00e0 des mots plus grands qu\u2019un programme et plus forts qu\u2019un livre; il s\u2019agit de la vie d\u2019un home qu\u2019Allah a choisi et \u00e9lu pour incarner Ses desseins sur terre.<\/p>\n<p data-start=\"293\" data-end=\"565\">Sur les pas du bien-aim\u00e9\u2026 Il s\u2019agit de pas que le Proph\u00e8te a grav\u00e9 dans les \u00e2mes, les cerveaux et les c\u0153urs, au gr\u00e9 des g\u00e9n\u00e9rations qui se succ\u00e8dent et qui les transmettent avec fiert\u00e9 et gloire. Ni les jours ne peuvent les changer, ni les discours ne peuvent les effacer.<\/p>\n<p data-start=\"567\" data-end=\"921\">Sur les pas du bien-aim\u00e9 dans ses relations avec Allah, lui qui \u00e9voquait Allah dans toutes les circonstances de sa vie, lui qui se levait les nuits pour prier et qui je\u00fbnait les jours, lui qui faisait ses d\u00e9votions avec humilit\u00e9 et qui mettait sa confiance en son Seigneur avec un grand d\u00e9vouement. Quant \u00e0 la pri\u00e8re, elle \u00e9tait son meilleur rendez-vous\u2026<\/p>\n<p data-start=\"923\" data-end=\"1134\">Sur les pas du bien-aim\u00e9 dans ses relations avec les gens, lui le sinc\u00e8re et le digne de confiance, le compatissant et le mis\u00e9ricordieux, l\u2019\u00e9poux aimant, le p\u00e8re affectueux et l\u2019homme social unique en son genre.<\/p>\n<p data-start=\"1136\" data-end=\"1407\">Sur les pas du bien-aim\u00e9 dans sa personnalit\u00e9 exceptionnelle, lui qui \u00e9tait clairvoyant, habile, dou\u00e9 d\u2019une grande et ph\u00e9nom\u00e9nale capacit\u00e9 \u00e0 r\u00e9gler les probl\u00e8mes les plus ardus et \u00e0 vaincre les difficult\u00e9s, et sur qui le d\u00e9sespoir n\u2019a aucune emprise. (\u0635\u0644\u0649 \u0627\u0644\u0644\u0647 \u0639\u0644\u064a\u0647 \u0648\u0633\u0644\u0645)<\/p>\n<p data-start=\"1409\" data-end=\"1845\">Sur les pas du bien-aim\u00e9 dans sa m\u00e9thode de r\u00e9forme et dans ses efforts pour faire triompher l\u2019islam. Le voil\u00e0 pr\u00eachant la patience \u00e0 une minorit\u00e9 de ses disciples pers\u00e9cut\u00e9s; le voil\u00e0 faisant preuve de reconnaissance dans les moments de triomphe, d\u00e9vou\u00e9 dans la transmission du message de son Seigneur, respectant scrupuleusement le facteur des \u00e9tapes et poss\u00e9dant une capacit\u00e9 extraordinaire \u00e0 s\u2019adapter positivement avec le contexte.<\/p>\n<p data-start=\"1847\" data-end=\"2089\">Sur les pas du bien-aim\u00e9\u2026 Ce sont l\u00e0 des mots qui ont rempli mon c\u0153ur de lumi\u00e8re. Quels savoureux instants j\u2019ai pass\u00e9 avec le Proph\u00e8te, \u00e0 la recherche de ses pas que j\u2019ai trouv\u00e9s. Ces pas remplissent la vie autour de moi. (\u0635\u0644\u0649 \u0627\u0644\u0644\u0647 \u0639\u0644\u064a\u0647 \u0648\u0633\u0644\u0645)<\/p>\n<p data-start=\"2091\" data-end=\"2398\">La grandeur du Proph\u00e8te ne r\u00e9side pas dans une exp\u00e9rience historique de nature \u00e0 remplir les livres, mais dans une ligne de conduite resplendissante qui propage la vie dans les \u00e2mes afin qu\u2019elles se lib\u00e8rent de leurs cha\u00eenes pour produire tout ce qui est bien et pour cheminer sur la voie qu\u2019il a emprunt\u00e9e.<\/p>\n<p data-start=\"2400\" data-end=\"2759\">Et m\u00eame si la communaut\u00e9 du bien-aim\u00e9 a ignor\u00e9 \u2013 pendant une certaine p\u00e9riode \u2013 quelques pas du bien-aim\u00e9, aujourd\u2019hui \u2013 avec la permission d\u2019Allah \u2013 elle aspire \u00e0 suivre ses pas avec passion et affection, avec volont\u00e9 et r\u00e9solution, en proclamant avec sinc\u00e9rit\u00e9 et foi : \u201cNous sommes tous sur les pas du bien-aim\u00e9\u2026 Nous sommes tous sur les pas du bien-aim\u00e9\u201d.<\/p>\n<p data-start=\"2761\" data-end=\"3329\">\u00d4 communaut\u00e9 du bien-aim\u00e9, viens que nous puissions d\u00e9couvrir de nouveau les pas du bien-aim\u00e9. Viens que nous cherchions ensemble ses pas. Les premi\u00e8res lueurs de la recherche nous m\u00e8neront \u00e0 pointer, et \u00e0 contempler ensuite le pas du bien-aim\u00e9 (\u0635\u0644\u0649 \u0627\u0644\u0644\u0647 \u0639\u0644\u064a\u0647 \u0648\u0633\u0644\u0645). Cependant, ce d\u00e9part bien s\u00fbr sur les pas du bien-aim\u00e9 exige, en premier lieu, une connaissance profonde de ses pas, comportement avec l\u2019\u00e2me et la soci\u00e9t\u00e9 \u00e0 l\u2019aune de la guidance de ces pas, et ensuite la d\u00e9termination de marcher dans la vie en suivant ces pas, dans tous les domaines de ce bas monde.<\/p>","protected":false},"excerpt":{"rendered":"<p>\u0639\u0645\u0631\u0648 \u062e\u0627\u0644\u062f<\/p>","protected":false},"featured_media":65949,"comment_status":"open","ping_status":"closed","template":"","meta":{"_acf_changed":false,"_uag_custom_page_level_css":"","site-sidebar-layout":"default","site-content-layout":"","ast-site-content-layout":"default","site-content-style":"default","site-sidebar-style":"default","ast-global-header-display":"","ast-banner-title-visibility":"","ast-main-header-display":"","ast-hfb-above-header-display":"","ast-hfb-below-header-display":"","ast-hfb-mobile-header-display":"","site-post-title":"","ast-breadcrumbs-content":"","ast-featured-img":"","footer-sml-layout":"","theme-transparent-header-meta":"default","adv-header-id-meta":"","stick-header-meta":"","header-above-stick-meta":"","header-main-stick-meta":"","header-below-stick-meta":"","astra-migrate-meta-layouts":"set","ast-page-background-enabled":"default","ast-page-background-meta":{"desktop":{"background-color":"","background-image":"","background-repeat":"repeat","background-position":"center center","background-size":"auto","background-attachment":"scroll","background-type":"","background-media":"","overlay-type":"","overlay-color":"","overlay-opacity":"","overlay-gradient":""},"tablet":{"background-color":"","background-image":"","background-repeat":"repeat","background-position":"center center","background-size":"auto","background-attachment":"scroll","background-type":"","background-media":"","overlay-type":"","overlay-color":"","overlay-opacity":"","overlay-gradient":""},"mobile":{"background-color":"","background-image":"","background-repeat":"repeat","background-position":"center center","background-size":"auto","background-attachment":"scroll","background-type":"","background-media":"","overlay-type":"","overlay-color":"","overlay-opacity":"","overlay-gradient":""}},"ast-content-background-meta":{"desktop":{"background-color":"var(--ast-global-color-5)","background-image":"","background-repeat":"repeat","background-position":"center center","background-size":"auto","background-attachment":"scroll","background-type":"","background-media":"","overlay-type":"","overlay-color":"","overlay-opacity":"","overlay-gradient":""},"tablet":{"background-color":"var(--ast-global-color-5)","background-image":"","background-repeat":"repeat","background-position":"center center","background-size":"auto","background-attachment":"scroll","background-type":"","background-media":"","overlay-type":"","overlay-color":"","overlay-opacity":"","overlay-gradient":""},"mobile":{"background-color":"var(--ast-global-color-5)","background-image":"","background-repeat":"repeat","background-position":"center center","background-size":"auto","background-attachment":"scroll","background-type":"","background-media":"","overlay-type":"","overlay-color":"","overlay-opacity":"","overlay-gradient":""}}},"product_brand":[],"product_cat":[2262,1467,2054],"product_tag":[],"class_list":{"0":"post-46952","1":"product","2":"type-product","3":"status-publish","4":"has-post-thumbnail","6":"product_cat-french","7":"product_cat-1467","8":"product_cat-2054","9":"desktop-align-left","10":"tablet-align-left","11":"mobile-align-left","13":"first","14":"instock","15":"shipping-taxable","16":"purchasable","17":"product-type-simple"},"acf":[],"uagb_featured_image_src":{"full":["https:\/\/book-berries.com\/wp-content\/uploads\/2025\/08\/Sur-Les-Traces-du-Bien-Aime-Mohammed-\u0635\u0644\u0649-\u0627\u0644\u0644\u0647-\u0639\u0644\u064a\u0647-\u0648\u0633\u0644\u0645.gif",110,162,false],"thumbnail":["https:\/\/book-berries.com\/wp-content\/uploads\/2025\/08\/Sur-Les-Traces-du-Bien-Aime-Mohammed-\u0635\u0644\u0649-\u0627\u0644\u0644\u0647-\u0639\u0644\u064a\u0647-\u0648\u0633\u0644\u0645-110x150.gif",110,150,true],"medium":["https:\/\/book-berries.com\/wp-content\/uploads\/2025\/08\/Sur-Les-Traces-du-Bien-Aime-Mohammed-\u0635\u0644\u0649-\u0627\u0644\u0644\u0647-\u0639\u0644\u064a\u0647-\u0648\u0633\u0644\u0645.gif",110,162,false],"medium_large":["https:\/\/book-berries.com\/wp-content\/uploads\/2025\/08\/Sur-Les-Traces-du-Bien-Aime-Mohammed-\u0635\u0644\u0649-\u0627\u0644\u0644\u0647-\u0639\u0644\u064a\u0647-\u0648\u0633\u0644\u0645.gif",110,162,false],"large":["https:\/\/book-berries.com\/wp-content\/uploads\/2025\/08\/Sur-Les-Traces-du-Bien-Aime-Mohammed-\u0635\u0644\u0649-\u0627\u0644\u0644\u0647-\u0639\u0644\u064a\u0647-\u0648\u0633\u0644\u0645.gif",110,162,false],"1536x1536":["https:\/\/book-berries.com\/wp-content\/uploads\/2025\/08\/Sur-Les-Traces-du-Bien-Aime-Mohammed-\u0635\u0644\u0649-\u0627\u0644\u0644\u0647-\u0639\u0644\u064a\u0647-\u0648\u0633\u0644\u0645.gif",110,162,false],"2048x2048":["https:\/\/book-berries.com\/wp-content\/uploads\/2025\/08\/Sur-Les-Traces-du-Bien-Aime-Mohammed-\u0635\u0644\u0649-\u0627\u0644\u0644\u0647-\u0639\u0644\u064a\u0647-\u0648\u0633\u0644\u0645.gif",110,162,false],"trp-custom-language-flag":["https:\/\/book-berries.com\/wp-content\/uploads\/2025\/08\/Sur-Les-Traces-du-Bien-Aime-Mohammed-\u0635\u0644\u0649-\u0627\u0644\u0644\u0647-\u0639\u0644\u064a\u0647-\u0648\u0633\u0644\u0645-8x12.gif",8,12,true],"woocommerce_thumbnail":["https:\/\/book-berries.com\/wp-content\/uploads\/2025\/08\/Sur-Les-Traces-du-Bien-Aime-Mohammed-\u0635\u0644\u0649-\u0627\u0644\u0644\u0647-\u0639\u0644\u064a\u0647-\u0648\u0633\u0644\u0645.gif",110,162,false],"woocommerce_single":["https:\/\/book-berries.com\/wp-content\/uploads\/2025\/08\/Sur-Les-Traces-du-Bien-Aime-Mohammed-\u0635\u0644\u0649-\u0627\u0644\u0644\u0647-\u0639\u0644\u064a\u0647-\u0648\u0633\u0644\u0645.gif",110,162,false],"woocommerce_gallery_thumbnail":["https:\/\/book-berries.com\/wp-content\/uploads\/2025\/08\/Sur-Les-Traces-du-Bien-Aime-Mohammed-\u0635\u0644\u0649-\u0627\u0644\u0644\u0647-\u0639\u0644\u064a\u0647-\u0648\u0633\u0644\u0645-100x100.gif",100,100,true],"dgwt-wcas-product-suggestion":["https:\/\/book-berries.com\/wp-content\/uploads\/2025\/08\/Sur-Les-Traces-du-Bien-Aime-Mohammed-\u0635\u0644\u0649-\u0627\u0644\u0644\u0647-\u0639\u0644\u064a\u0647-\u0648\u0633\u0644\u0645-64x94.gif",64,94,true]},"uagb_author_info":{"display_name":"bookberrieslb@gmail.com","author_link":"https:\/\/book-berries.com\/ar\/author\/"},"uagb_comment_info":0,"uagb_excerpt":"\u0639\u0645\u0631\u0648 \u062e\u0627\u0644\u062f","jetpack_likes_enabled":true,"jetpack_sharing_enabled":true,"_links":{"self":[{"href":"https:\/\/book-berries.com\/ar\/wp-json\/wp\/v2\/product\/46952","targetHints":{"allow":["GET"]}}],"collection":[{"href":"https:\/\/book-berries.com\/ar\/wp-json\/wp\/v2\/product"}],"about":[{"href":"https:\/\/book-berries.com\/ar\/wp-json\/wp\/v2\/types\/product"}],"replies":[{"embeddable":true,"href":"https:\/\/book-berries.com\/ar\/wp-json\/wp\/v2\/comments?post=46952"}],"wp:featuredmedia":[{"embeddable":true,"href":"https:\/\/book-berries.com\/ar\/wp-json\/wp\/v2\/media\/65949"}],"wp:attachment":[{"href":"https:\/\/book-berries.com\/ar\/wp-json\/wp\/v2\/media?parent=46952"}],"wp:term":[{"taxonomy":"product_brand","embeddable":true,"href":"https:\/\/book-berries.com\/ar\/wp-json\/wp\/v2\/product_brand?post=46952"},{"taxonomy":"product_cat","embeddable":true,"href":"https:\/\/book-berries.com\/ar\/wp-json\/wp\/v2\/product_cat?post=46952"},{"taxonomy":"product_tag","embeddable":true,"href":"https:\/\/book-berries.com\/ar\/wp-json\/wp\/v2\/product_tag?post=46952"}],"curies":[{"name":"wp","href":"https:\/\/api.w.org\/{rel}","templated":true}]}}