{"id":46970,"date":"2025-08-11T15:59:37","date_gmt":"2025-08-11T12:59:37","guid":{"rendered":"https:\/\/book-berries.com\/product\/les-actes-de-meditation\/"},"modified":"2026-01-25T14:35:08","modified_gmt":"2026-01-25T12:35:08","slug":"les-actes-de-meditation","status":"publish","type":"product","link":"https:\/\/book-berries.com\/ar\/product\/les-actes-de-meditation\/","title":{"rendered":"LES ACTES DE MEDITATION"},"content":{"rendered":"<p data-start=\"63\" data-end=\"1157\">Cette forme de d\u00e9votion ne peut \u00eatre pratiqu\u00e9e qu&#8217;avec le c\u0153ur et, peut-\u00eatre, l&#8217;\u0153il. Malheureusement, c&#8217;est une d\u00e9votion que les gens ont abandonn\u00e9e, au point o\u00f9 elle a failli dispara\u00eetre. Imagine, en effet, lorsqu&#8217;on dit que cette forme de d\u00e9votion a \u00e9t\u00e9 ordonn\u00e9e par Allah, et qu&#8217;elle a disparu, et imagine l&#8217;\u00e9tat auquel est arriv\u00e9e l&#8217;humanit\u00e9 en abandonnant cette d\u00e9votion. Nous disions donc que cette forme de d\u00e9votion a disparu ! Elle a disparu effectivement, et nous essayerons, aujourd&#8217;hui, de la revivifier en nous-m\u00eames, d&#8217;abord, et en tous ceux \u00e0 qui nous nous adressons ensuite. Cette d\u00e9votion a \u00e9t\u00e9 abandonn\u00e9e par les gens, \u00e0 l&#8217;exception d&#8217;une toute petite minorit\u00e9 qui continue \u00e0 l&#8217;exercer, mais qui l&#8217;exerce par phases intermittentes, alors qu&#8217;il est indispensable de la faire continuellement. Cette forme de d\u00e9votion a \u00e9t\u00e9 pratiqu\u00e9e par les proph\u00e8tes et a \u00e9t\u00e9 la ligne de conduite du Messager d&#8217;Allah (SBDL), jusqu&#8217;\u00e0 ce qu&#8217;elle devint une de ses caract\u00e9ristiques. C&#8217;est \u00e0 travers elle qu&#8217;on peut conna\u00eetre Allah ; elle est l&#8217;indicateur qui guide vers Allah (qu&#8217;Il soit glorifi\u00e9).<\/p>","protected":false},"excerpt":{"rendered":"<p>\u0639\u0645\u0631\u0648 \u062e\u0627\u0644\u062f<\/p>","protected":false},"featured_media":65979,"comment_status":"open","ping_status":"closed","template":"","meta":{"_acf_changed":false,"_uag_custom_page_level_css":"","site-sidebar-layout":"default","site-content-layout":"","ast-site-content-layout":"default","site-content-style":"default","site-sidebar-style":"default","ast-global-header-display":"","ast-banner-title-visibility":"","ast-main-header-display":"","ast-hfb-above-header-display":"","ast-hfb-below-header-display":"","ast-hfb-mobile-header-display":"","site-post-title":"","ast-breadcrumbs-content":"","ast-featured-img":"","footer-sml-layout":"","ast-disable-related-posts":"","theme-transparent-header-meta":"default","adv-header-id-meta":"","stick-header-meta":"","header-above-stick-meta":"","header-main-stick-meta":"","header-below-stick-meta":"","astra-migrate-meta-layouts":"set","ast-page-background-enabled":"default","ast-page-background-meta":{"desktop":{"background-color":"","background-image":"","background-repeat":"repeat","background-position":"center center","background-size":"auto","background-attachment":"scroll","background-type":"","background-media":"","overlay-type":"","overlay-color":"","overlay-opacity":"","overlay-gradient":""},"tablet":{"background-color":"","background-image":"","background-repeat":"repeat","background-position":"center center","background-size":"auto","background-attachment":"scroll","background-type":"","background-media":"","overlay-type":"","overlay-color":"","overlay-opacity":"","overlay-gradient":""},"mobile":{"background-color":"","background-image":"","background-repeat":"repeat","background-position":"center center","background-size":"auto","background-attachment":"scroll","background-type":"","background-media":"","overlay-type":"","overlay-color":"","overlay-opacity":"","overlay-gradient":""}},"ast-content-background-meta":{"desktop":{"background-color":"var(--ast-global-color-5)","background-image":"","background-repeat":"repeat","background-position":"center center","background-size":"auto","background-attachment":"scroll","background-type":"","background-media":"","overlay-type":"","overlay-color":"","overlay-opacity":"","overlay-gradient":""},"tablet":{"background-color":"var(--ast-global-color-5)","background-image":"","background-repeat":"repeat","background-position":"center center","background-size":"auto","background-attachment":"scroll","background-type":"","background-media":"","overlay-type":"","overlay-color":"","overlay-opacity":"","overlay-gradient":""},"mobile":{"background-color":"var(--ast-global-color-5)","background-image":"","background-repeat":"repeat","background-position":"center center","background-size":"auto","background-attachment":"scroll","background-type":"","background-media":"","overlay-type":"","overlay-color":"","overlay-opacity":"","overlay-gradient":""}}},"product_brand":[],"product_cat":[2262,1467,2054],"product_tag":[],"class_list":{"0":"post-46970","1":"product","2":"type-product","3":"status-publish","4":"has-post-thumbnail","6":"product_cat-french","7":"product_cat-1467","8":"product_cat-2054","9":"desktop-align-left","10":"tablet-align-left","11":"mobile-align-left","13":"first","14":"instock","15":"shipping-taxable","16":"purchasable","17":"product-type-simple"},"acf":[],"uagb_featured_image_src":{"full":["https:\/\/book-berries.com\/wp-content\/uploads\/2025\/08\/Les-Actes-de-Meditation.gif",110,162,false],"thumbnail":["https:\/\/book-berries.com\/wp-content\/uploads\/2025\/08\/Les-Actes-de-Meditation-110x150.gif",110,150,true],"medium":["https:\/\/book-berries.com\/wp-content\/uploads\/2025\/08\/Les-Actes-de-Meditation.gif",110,162,false],"medium_large":["https:\/\/book-berries.com\/wp-content\/uploads\/2025\/08\/Les-Actes-de-Meditation.gif",110,162,false],"large":["https:\/\/book-berries.com\/wp-content\/uploads\/2025\/08\/Les-Actes-de-Meditation.gif",110,162,false],"1536x1536":["https:\/\/book-berries.com\/wp-content\/uploads\/2025\/08\/Les-Actes-de-Meditation.gif",110,162,false],"2048x2048":["https:\/\/book-berries.com\/wp-content\/uploads\/2025\/08\/Les-Actes-de-Meditation.gif",110,162,false],"trp-custom-language-flag":["https:\/\/book-berries.com\/wp-content\/uploads\/2025\/08\/Les-Actes-de-Meditation-8x12.gif",8,12,true],"woocommerce_thumbnail":["https:\/\/book-berries.com\/wp-content\/uploads\/2025\/08\/Les-Actes-de-Meditation.gif",110,162,false],"woocommerce_single":["https:\/\/book-berries.com\/wp-content\/uploads\/2025\/08\/Les-Actes-de-Meditation.gif",110,162,false],"woocommerce_gallery_thumbnail":["https:\/\/book-berries.com\/wp-content\/uploads\/2025\/08\/Les-Actes-de-Meditation-100x100.gif",100,100,true],"dgwt-wcas-product-suggestion":["https:\/\/book-berries.com\/wp-content\/uploads\/2025\/08\/Les-Actes-de-Meditation-64x94.gif",64,94,true]},"uagb_author_info":{"display_name":"bookberrieslb@gmail.com","author_link":"https:\/\/book-berries.com\/ar\/author\/"},"uagb_comment_info":0,"uagb_excerpt":"\u0639\u0645\u0631\u0648 \u062e\u0627\u0644\u062f","jetpack_likes_enabled":true,"jetpack_sharing_enabled":true,"_links":{"self":[{"href":"https:\/\/book-berries.com\/ar\/wp-json\/wp\/v2\/product\/46970","targetHints":{"allow":["GET"]}}],"collection":[{"href":"https:\/\/book-berries.com\/ar\/wp-json\/wp\/v2\/product"}],"about":[{"href":"https:\/\/book-berries.com\/ar\/wp-json\/wp\/v2\/types\/product"}],"replies":[{"embeddable":true,"href":"https:\/\/book-berries.com\/ar\/wp-json\/wp\/v2\/comments?post=46970"}],"wp:featuredmedia":[{"embeddable":true,"href":"https:\/\/book-berries.com\/ar\/wp-json\/wp\/v2\/media\/65979"}],"wp:attachment":[{"href":"https:\/\/book-berries.com\/ar\/wp-json\/wp\/v2\/media?parent=46970"}],"wp:term":[{"taxonomy":"product_brand","embeddable":true,"href":"https:\/\/book-berries.com\/ar\/wp-json\/wp\/v2\/product_brand?post=46970"},{"taxonomy":"product_cat","embeddable":true,"href":"https:\/\/book-berries.com\/ar\/wp-json\/wp\/v2\/product_cat?post=46970"},{"taxonomy":"product_tag","embeddable":true,"href":"https:\/\/book-berries.com\/ar\/wp-json\/wp\/v2\/product_tag?post=46970"}],"curies":[{"name":"wp","href":"https:\/\/api.w.org\/{rel}","templated":true}]}}