{"id":48966,"date":"2025-08-11T16:10:10","date_gmt":"2025-08-11T13:10:10","guid":{"rendered":"https:\/\/book-berries.com\/product\/aux-pays-du-cedre-chroniques\/"},"modified":"2026-01-11T15:02:58","modified_gmt":"2026-01-11T13:02:58","slug":"aux-pays-du-cedre-chroniques","status":"publish","type":"product","link":"https:\/\/book-berries.com\/ar\/product\/aux-pays-du-cedre-chroniques\/","title":{"rendered":"Aux pays Du Cedre Chroniques"},"content":{"rendered":"<div class=\"flex flex-col text-sm pb-25\">\n<article class=\"text-token-text-primary w-full focus:outline-none [--shadow-height:45px] has-data-writing-block:pointer-events-none has-data-writing-block:-mt-(--shadow-height) has-data-writing-block:pt-(--shadow-height) [&amp;:has([data-writing-block])&gt;*]:pointer-events-auto [content-visibility:auto] supports-[content-visibility:auto]:[contain-intrinsic-size:auto_100lvh] scroll-mt-[calc(var(--header-height)+min(200px,max(70px,20svh)))]\" dir=\"auto\" tabindex=\"-1\" data-turn-id=\"request-WEB:ee22f152-6c43-4514-b109-bac514c1ad68-3\" data-testid=\"conversation-turn-2\" data-scroll-anchor=\"true\" data-turn=\"assistant\">\n<div class=\"text-base my-auto mx-auto pb-10 [--thread-content-margin:--spacing(4)] @w-sm\/main:[--thread-content-margin:--spacing(6)] @w-lg\/main:[--thread-content-margin:--spacing(16)] px-(--thread-content-margin)\">\n<div class=\"[--thread-content-max-width:40rem] @w-lg\/main:[--thread-content-max-width:48rem] mx-auto max-w-(--thread-content-max-width) flex-1 group\/turn-messages focus-visible:outline-hidden relative flex w-full min-w-0 flex-col agent-turn\" tabindex=\"-1\">\n<div class=\"flex max-w-full flex-col grow\">\n<div class=\"min-h-8 text-message relative flex w-full flex-col items-end gap-2 text-start break-words whitespace-normal [.text-message+&amp;]:mt-1\" dir=\"auto\" data-message-author-role=\"assistant\" data-message-id=\"ca4be79b-830f-4e0e-833d-49c061693334\" data-message-model-slug=\"gpt-5-2\">\n<div class=\"flex w-full flex-col gap-1 empty:hidden first:pt-[1px]\">\n<div class=\"markdown prose dark:prose-invert w-full break-words light markdown-new-styling\">\n<p data-start=\"30\" data-end=\"288\">A partir de quelques incidents et r\u00e9flexions, j\u2019ai essay\u00e9 de retrace, \u00e0 travers des \u00e9v\u00e8nements du quotidien, ce qui int\u00e9resse les gens et ce qui les pr\u00e9occupe. La situation n\u2019est pas facile, le pays est toujours sous le couvert de toutes sortes de menaces.<\/p>\n<p data-start=\"295\" data-end=\"493\">Mais le peuple est lutteur et courageux, il a une volont\u00e9 de vivre \u00e0 toute cassar. Il faudrait qu\u2019il puisse tracer son future et ne pas toujours \u00eatre oblig\u00e9 de choisir en fonction des contraintes.<\/p>\n<p data-start=\"500\" data-end=\"900\" data-is-last-node=\"\">Qu\u2019il ait \u00e9galement la possibilit\u00e9 d\u2019assurer un futur \u00e0 ses jeunes, une \u00e9galit\u00e9 des conditions \u00e0 ses femmes, qu\u2019il puisse maintenir son ouverture s\u00e9culaire vers l\u2019ext\u00e9rieur qui a toujours conduit \u00e0 sa prosp\u00e9rit\u00e9, qu\u2019il permette \u00e0 ses citoyens de s\u2019exprimer toujours avec la libert\u00e9 et le respect qui leur est du, qu\u2019il puisse continuer \u00e0 servir d\u2019exemple de rayonnement culturel dans toute la region.<\/p>\n<\/div>\n<\/div>\n<\/div>\n<\/div>\n<div class=\"z-0 flex min-h-[46px] justify-start\"><\/div>\n<\/div>\n<\/div>\n<\/article>\n<\/div>\n<div class=\"pointer-events-none h-px w-px absolute bottom-0\" aria-hidden=\"true\" data-edge=\"true\"><\/div>\n","protected":false},"excerpt":{"rendered":"<p>Nelly Jazra<\/p>","protected":false},"featured_media":69553,"comment_status":"open","ping_status":"closed","template":"","meta":{"_acf_changed":false,"_uag_custom_page_level_css":"","site-sidebar-layout":"default","site-content-layout":"","ast-site-content-layout":"default","site-content-style":"default","site-sidebar-style":"default","ast-global-header-display":"","ast-banner-title-visibility":"","ast-main-header-display":"","ast-hfb-above-header-display":"","ast-hfb-below-header-display":"","ast-hfb-mobile-header-display":"","site-post-title":"","ast-breadcrumbs-content":"","ast-featured-img":"","footer-sml-layout":"","ast-disable-related-posts":"","theme-transparent-header-meta":"default","adv-header-id-meta":"","stick-header-meta":"","header-above-stick-meta":"","header-main-stick-meta":"","header-below-stick-meta":"","astra-migrate-meta-layouts":"set","ast-page-background-enabled":"default","ast-page-background-meta":{"desktop":{"background-color":"","background-image":"","background-repeat":"repeat","background-position":"center center","background-size":"auto","background-attachment":"scroll","background-type":"","background-media":"","overlay-type":"","overlay-color":"","overlay-opacity":"","overlay-gradient":""},"tablet":{"background-color":"","background-image":"","background-repeat":"repeat","background-position":"center center","background-size":"auto","background-attachment":"scroll","background-type":"","background-media":"","overlay-type":"","overlay-color":"","overlay-opacity":"","overlay-gradient":""},"mobile":{"background-color":"","background-image":"","background-repeat":"repeat","background-position":"center center","background-size":"auto","background-attachment":"scroll","background-type":"","background-media":"","overlay-type":"","overlay-color":"","overlay-opacity":"","overlay-gradient":""}},"ast-content-background-meta":{"desktop":{"background-color":"var(--ast-global-color-5)","background-image":"","background-repeat":"repeat","background-position":"center center","background-size":"auto","background-attachment":"scroll","background-type":"","background-media":"","overlay-type":"","overlay-color":"","overlay-opacity":"","overlay-gradient":""},"tablet":{"background-color":"var(--ast-global-color-5)","background-image":"","background-repeat":"repeat","background-position":"center center","background-size":"auto","background-attachment":"scroll","background-type":"","background-media":"","overlay-type":"","overlay-color":"","overlay-opacity":"","overlay-gradient":""},"mobile":{"background-color":"var(--ast-global-color-5)","background-image":"","background-repeat":"repeat","background-position":"center center","background-size":"auto","background-attachment":"scroll","background-type":"","background-media":"","overlay-type":"","overlay-color":"","overlay-opacity":"","overlay-gradient":""}}},"product_brand":[],"product_cat":[2262,2054,1468],"product_tag":[],"class_list":{"0":"post-48966","1":"product","2":"type-product","3":"status-publish","4":"has-post-thumbnail","6":"product_cat-french","7":"product_cat-2054","8":"product_cat-1468","9":"desktop-align-left","10":"tablet-align-left","11":"mobile-align-left","13":"first","14":"instock","15":"shipping-taxable","16":"purchasable","17":"product-type-simple"},"acf":[],"uagb_featured_image_src":{"full":["https:\/\/book-berries.com\/wp-content\/uploads\/2025\/08\/AU-PAYS-DU-CEDRE-Chroniques.gif",110,168,false],"thumbnail":["https:\/\/book-berries.com\/wp-content\/uploads\/2025\/08\/AU-PAYS-DU-CEDRE-Chroniques-110x150.gif",110,150,true],"medium":["https:\/\/book-berries.com\/wp-content\/uploads\/2025\/08\/AU-PAYS-DU-CEDRE-Chroniques.gif",110,168,false],"medium_large":["https:\/\/book-berries.com\/wp-content\/uploads\/2025\/08\/AU-PAYS-DU-CEDRE-Chroniques.gif",110,168,false],"large":["https:\/\/book-berries.com\/wp-content\/uploads\/2025\/08\/AU-PAYS-DU-CEDRE-Chroniques.gif",110,168,false],"1536x1536":["https:\/\/book-berries.com\/wp-content\/uploads\/2025\/08\/AU-PAYS-DU-CEDRE-Chroniques.gif",110,168,false],"2048x2048":["https:\/\/book-berries.com\/wp-content\/uploads\/2025\/08\/AU-PAYS-DU-CEDRE-Chroniques.gif",110,168,false],"trp-custom-language-flag":["https:\/\/book-berries.com\/wp-content\/uploads\/2025\/08\/AU-PAYS-DU-CEDRE-Chroniques-8x12.gif",8,12,true],"woocommerce_thumbnail":["https:\/\/book-berries.com\/wp-content\/uploads\/2025\/08\/AU-PAYS-DU-CEDRE-Chroniques.gif",110,168,false],"woocommerce_single":["https:\/\/book-berries.com\/wp-content\/uploads\/2025\/08\/AU-PAYS-DU-CEDRE-Chroniques.gif",110,168,false],"woocommerce_gallery_thumbnail":["https:\/\/book-berries.com\/wp-content\/uploads\/2025\/08\/AU-PAYS-DU-CEDRE-Chroniques-100x100.gif",100,100,true],"dgwt-wcas-product-suggestion":["https:\/\/book-berries.com\/wp-content\/uploads\/2025\/08\/AU-PAYS-DU-CEDRE-Chroniques-64x98.gif",64,98,true]},"uagb_author_info":{"display_name":"bookberrieslb@gmail.com","author_link":"https:\/\/book-berries.com\/ar\/author\/"},"uagb_comment_info":0,"uagb_excerpt":"Nelly Jazra","jetpack_likes_enabled":true,"jetpack_sharing_enabled":true,"_links":{"self":[{"href":"https:\/\/book-berries.com\/ar\/wp-json\/wp\/v2\/product\/48966","targetHints":{"allow":["GET"]}}],"collection":[{"href":"https:\/\/book-berries.com\/ar\/wp-json\/wp\/v2\/product"}],"about":[{"href":"https:\/\/book-berries.com\/ar\/wp-json\/wp\/v2\/types\/product"}],"replies":[{"embeddable":true,"href":"https:\/\/book-berries.com\/ar\/wp-json\/wp\/v2\/comments?post=48966"}],"wp:featuredmedia":[{"embeddable":true,"href":"https:\/\/book-berries.com\/ar\/wp-json\/wp\/v2\/media\/69553"}],"wp:attachment":[{"href":"https:\/\/book-berries.com\/ar\/wp-json\/wp\/v2\/media?parent=48966"}],"wp:term":[{"taxonomy":"product_brand","embeddable":true,"href":"https:\/\/book-berries.com\/ar\/wp-json\/wp\/v2\/product_brand?post=48966"},{"taxonomy":"product_cat","embeddable":true,"href":"https:\/\/book-berries.com\/ar\/wp-json\/wp\/v2\/product_cat?post=48966"},{"taxonomy":"product_tag","embeddable":true,"href":"https:\/\/book-berries.com\/ar\/wp-json\/wp\/v2\/product_tag?post=48966"}],"curies":[{"name":"wp","href":"https:\/\/api.w.org\/{rel}","templated":true}]}}