{"id":59473,"date":"2025-10-16T19:07:45","date_gmt":"2025-10-16T16:07:45","guid":{"rendered":"https:\/\/book-berries.com\/product\/101-essais-qui-vont-changer-votre-faon-de-penser\/"},"modified":"2025-10-28T10:52:04","modified_gmt":"2025-10-28T08:52:04","slug":"101-essais-qui-vont-changer-votre-faon-de-penser","status":"publish","type":"product","link":"https:\/\/book-berries.com\/ar\/product\/101-essais-qui-vont-changer-votre-faon-de-penser\/","title":{"rendered":"101 essais qui vont changer votre fa\u00e7on de penser"},"content":{"rendered":"<p>Pourquoi aimez-vous les gens incapables de vous a imer ?<br \/>\nQuels comportements inconscients vous font souffrir ?<br \/>\nComment de venir la personne que vous avez envie et besoin d&#8217;\u00eatre ? Vos pens\u00e9es cr\u00e9ent la r\u00e9alit\u00e9, et une seule id\u00e9e peut changer le cours de votre vie. Avec la sensibilit\u00e9 d&#8217;une po\u00e9tesse, Brianna Wiest explore, dans ces 101 textes, les barri\u00e8res mentales qui vous emp\u00eachent d&#8217;\u00e9voluer \u00e9motionnellement.<\/p>\n<p>En abordant des th\u00e8mes aussi vari\u00e9s que les relations personnelles ou la qu\u00eate de sens, ce recueil de r\u00e9flexions \u00e9clairantes et percutantes vous ouvrira les yeux sur vous-m\u00eame et sur votre rapport au monde. D\u00e9couvrez, entre autres :<br \/>\n\u25a0 les 10 questions \u00e0 vous poser si vous h\u00e9sitez sur la direction \u00e0 donner \u00e0 votre vie ;<br \/>\n\u25a0 les 50 pens\u00e9es lib\u00e9ratrices qui bouleverseront votre quotidien ;<br \/>\n\u25a0 les 16 raisons qui expliquent que vous n&#8217;ayez pas trouv\u00e9 l&#8217;amour auquel vous aspirez ;<br \/>\n\u25a0 les 10 choses que les personnes \u00e9motionnellement<br \/>\nintelligentes ne font pas ;<br \/>\n\u25a0 les 102 astuces pour ne plus laisser vos pens\u00e9es irrationnelles vous g\u00e2cher la vie.<\/p>","protected":false},"excerpt":{"rendered":"<p><em>Brianna Wiest<\/em><\/p>","protected":false},"featured_media":59469,"comment_status":"open","ping_status":"closed","template":"","meta":{"_acf_changed":false,"_uag_custom_page_level_css":"","site-sidebar-layout":"default","site-content-layout":"","ast-site-content-layout":"default","site-content-style":"default","site-sidebar-style":"default","ast-global-header-display":"","ast-banner-title-visibility":"","ast-main-header-display":"","ast-hfb-above-header-display":"","ast-hfb-below-header-display":"","ast-hfb-mobile-header-display":"","site-post-title":"","ast-breadcrumbs-content":"","ast-featured-img":"","footer-sml-layout":"","theme-transparent-header-meta":"default","adv-header-id-meta":"","stick-header-meta":"","header-above-stick-meta":"","header-main-stick-meta":"","header-below-stick-meta":"","astra-migrate-meta-layouts":"set","ast-page-background-enabled":"default","ast-page-background-meta":{"desktop":{"background-color":"","background-image":"","background-repeat":"repeat","background-position":"center center","background-size":"auto","background-attachment":"scroll","background-type":"","background-media":"","overlay-type":"","overlay-color":"","overlay-opacity":"","overlay-gradient":""},"tablet":{"background-color":"","background-image":"","background-repeat":"repeat","background-position":"center center","background-size":"auto","background-attachment":"scroll","background-type":"","background-media":"","overlay-type":"","overlay-color":"","overlay-opacity":"","overlay-gradient":""},"mobile":{"background-color":"","background-image":"","background-repeat":"repeat","background-position":"center center","background-size":"auto","background-attachment":"scroll","background-type":"","background-media":"","overlay-type":"","overlay-color":"","overlay-opacity":"","overlay-gradient":""}},"ast-content-background-meta":{"desktop":{"background-color":"var(--ast-global-color-5)","background-image":"","background-repeat":"repeat","background-position":"center center","background-size":"auto","background-attachment":"scroll","background-type":"","background-media":"","overlay-type":"","overlay-color":"","overlay-opacity":"","overlay-gradient":""},"tablet":{"background-color":"var(--ast-global-color-5)","background-image":"","background-repeat":"repeat","background-position":"center center","background-size":"auto","background-attachment":"scroll","background-type":"","background-media":"","overlay-type":"","overlay-color":"","overlay-opacity":"","overlay-gradient":""},"mobile":{"background-color":"var(--ast-global-color-5)","background-image":"","background-repeat":"repeat","background-position":"center center","background-size":"auto","background-attachment":"scroll","background-type":"","background-media":"","overlay-type":"","overlay-color":"","overlay-opacity":"","overlay-gradient":""}}},"product_brand":[],"product_cat":[2254,2262,1955,1952,1953,2056],"product_tag":[],"class_list":{"0":"post-59473","1":"product","2":"type-product","3":"status-publish","4":"has-post-thumbnail","6":"product_cat-essays","7":"product_cat-french","8":"product_cat-nonfiction","9":"product_cat-philosophy","10":"product_cat-psychology","11":"product_cat-self-help-2","12":"desktop-align-left","13":"tablet-align-left","14":"mobile-align-left","16":"first","17":"instock","18":"featured","19":"sold-individually","20":"shipping-taxable","21":"purchasable","22":"product-type-simple"},"acf":[],"uagb_featured_image_src":{"full":["https:\/\/book-berries.com\/wp-content\/uploads\/2025\/10\/101-essais-qui-vont-changer-votre-facon-de-penser.png",1728,2160,false],"thumbnail":["https:\/\/book-berries.com\/wp-content\/uploads\/2025\/10\/101-essais-qui-vont-changer-votre-facon-de-penser-150x150.png",150,150,true],"medium":["https:\/\/book-berries.com\/wp-content\/uploads\/2025\/10\/101-essais-qui-vont-changer-votre-facon-de-penser-240x300.png",240,300,true],"medium_large":["https:\/\/book-berries.com\/wp-content\/uploads\/2025\/10\/101-essais-qui-vont-changer-votre-facon-de-penser-768x960.png",768,960,true],"large":["https:\/\/book-berries.com\/wp-content\/uploads\/2025\/10\/101-essais-qui-vont-changer-votre-facon-de-penser-819x1024.png",819,1024,true],"1536x1536":["https:\/\/book-berries.com\/wp-content\/uploads\/2025\/10\/101-essais-qui-vont-changer-votre-facon-de-penser-1229x1536.png",1229,1536,true],"2048x2048":["https:\/\/book-berries.com\/wp-content\/uploads\/2025\/10\/101-essais-qui-vont-changer-votre-facon-de-penser-1638x2048.png",1638,2048,true],"trp-custom-language-flag":["https:\/\/book-berries.com\/wp-content\/uploads\/2025\/10\/101-essais-qui-vont-changer-votre-facon-de-penser-10x12.png",10,12,true],"woocommerce_thumbnail":["https:\/\/book-berries.com\/wp-content\/uploads\/2025\/10\/101-essais-qui-vont-changer-votre-facon-de-penser-300x300.png",300,300,true],"woocommerce_single":["https:\/\/book-berries.com\/wp-content\/uploads\/2025\/10\/101-essais-qui-vont-changer-votre-facon-de-penser-600x750.png",600,750,true],"woocommerce_gallery_thumbnail":["https:\/\/book-berries.com\/wp-content\/uploads\/2025\/10\/101-essais-qui-vont-changer-votre-facon-de-penser-100x100.png",100,100,true],"dgwt-wcas-product-suggestion":["https:\/\/book-berries.com\/wp-content\/uploads\/2025\/10\/101-essais-qui-vont-changer-votre-facon-de-penser-64x80.png",64,80,true]},"uagb_author_info":{"display_name":"bookberrieslb@gmail.com","author_link":"https:\/\/book-berries.com\/ar\/author\/"},"uagb_comment_info":0,"uagb_excerpt":"Brianna Wiest","jetpack_likes_enabled":true,"jetpack_sharing_enabled":true,"_links":{"self":[{"href":"https:\/\/book-berries.com\/ar\/wp-json\/wp\/v2\/product\/59473","targetHints":{"allow":["GET"]}}],"collection":[{"href":"https:\/\/book-berries.com\/ar\/wp-json\/wp\/v2\/product"}],"about":[{"href":"https:\/\/book-berries.com\/ar\/wp-json\/wp\/v2\/types\/product"}],"replies":[{"embeddable":true,"href":"https:\/\/book-berries.com\/ar\/wp-json\/wp\/v2\/comments?post=59473"}],"wp:featuredmedia":[{"embeddable":true,"href":"https:\/\/book-berries.com\/ar\/wp-json\/wp\/v2\/media\/59469"}],"wp:attachment":[{"href":"https:\/\/book-berries.com\/ar\/wp-json\/wp\/v2\/media?parent=59473"}],"wp:term":[{"taxonomy":"product_brand","embeddable":true,"href":"https:\/\/book-berries.com\/ar\/wp-json\/wp\/v2\/product_brand?post=59473"},{"taxonomy":"product_cat","embeddable":true,"href":"https:\/\/book-berries.com\/ar\/wp-json\/wp\/v2\/product_cat?post=59473"},{"taxonomy":"product_tag","embeddable":true,"href":"https:\/\/book-berries.com\/ar\/wp-json\/wp\/v2\/product_tag?post=59473"}],"curies":[{"name":"wp","href":"https:\/\/api.w.org\/{rel}","templated":true}]}}