{"id":59493,"date":"2025-10-16T19:07:49","date_gmt":"2025-10-16T16:07:49","guid":{"rendered":"https:\/\/book-berries.com\/product\/la-theorie-let-them-arretez-de-vouloir-controler-lincontrolable\/"},"modified":"2025-10-27T20:36:25","modified_gmt":"2025-10-27T18:36:25","slug":"la-theorie-let-them-arretez-de-vouloir-controler-lincontrolable","status":"publish","type":"product","link":"https:\/\/book-berries.com\/ar\/product\/la-theorie-let-them-arretez-de-vouloir-controler-lincontrolable\/","title":{"rendered":"La Theorie Let Them: Arretez de vouloir controler l&#8217;incontrolable !"},"content":{"rendered":"<p>Vous avez du mal \u00e0 atteindre vos objectifs ou \u00e0 \u00eatre plus heureux ? Le probl\u00e8me ne vient pas de vous. Le probl\u00e8me, c\u2019est le pouvoir que vous donnez aux autres.<\/p>\n<p>Dans ce livre, vous apprendrez comment deux mots \u2013 Let Them (laissez-les) \u2013 peuvent vous d\u00e9livrer de l\u2019opinion et du jugement d\u2019autrui. Vous serez alors lib\u00e9r\u00e9 du besoin \u00e9puisant de vouloir tout contr\u00f4ler autour de vous.<\/p>\n<p><b>Une vie meilleure vous attend.<\/b><\/p>\n<p>La th\u00e9orie Let Them est une m\u00e9thode \u00e9prouv\u00e9e pour pr\u00e9server votre temps et votre \u00e9nergie et vous concentrer sur ce qui compte vraiment. Rechercher l\u2019approbation des autres, faire leur bonheur et laisser leurs opinions vous refr\u00e9ner vous a ext\u00e9nu\u00e9. D\u00e9couvrez comment ne plus gaspiller vos ressources et cr\u00e9er une vie o\u00f9 vos r\u00eaves, vos objectifs et votre bonheur passeront en premier.<\/p>\n<p>La th\u00e9orie Let Them est un outil simple dont des millions de gens parlent parce qu\u2019il fonctionne ! Le moyen le plus rapide de prendre les r\u00eanes de votre existence est d\u2019arr\u00eater de vouloir ma\u00eetriser l\u2019incontr\u00f4lable et de vous concentrer sur l\u2019essentiel : vous-m\u00eame.<\/p>","protected":false},"excerpt":{"rendered":"<p><em>Mel Robbins<\/em><\/p>","protected":false},"featured_media":59430,"comment_status":"open","ping_status":"closed","template":"","meta":{"_acf_changed":false,"_uag_custom_page_level_css":"","site-sidebar-layout":"default","site-content-layout":"","ast-site-content-layout":"default","site-content-style":"default","site-sidebar-style":"default","ast-global-header-display":"","ast-banner-title-visibility":"","ast-main-header-display":"","ast-hfb-above-header-display":"","ast-hfb-below-header-display":"","ast-hfb-mobile-header-display":"","site-post-title":"","ast-breadcrumbs-content":"","ast-featured-img":"","footer-sml-layout":"","ast-disable-related-posts":"","theme-transparent-header-meta":"default","adv-header-id-meta":"","stick-header-meta":"","header-above-stick-meta":"","header-main-stick-meta":"","header-below-stick-meta":"","astra-migrate-meta-layouts":"set","ast-page-background-enabled":"default","ast-page-background-meta":{"desktop":{"background-color":"","background-image":"","background-repeat":"repeat","background-position":"center center","background-size":"auto","background-attachment":"scroll","background-type":"","background-media":"","overlay-type":"","overlay-color":"","overlay-opacity":"","overlay-gradient":""},"tablet":{"background-color":"","background-image":"","background-repeat":"repeat","background-position":"center center","background-size":"auto","background-attachment":"scroll","background-type":"","background-media":"","overlay-type":"","overlay-color":"","overlay-opacity":"","overlay-gradient":""},"mobile":{"background-color":"","background-image":"","background-repeat":"repeat","background-position":"center center","background-size":"auto","background-attachment":"scroll","background-type":"","background-media":"","overlay-type":"","overlay-color":"","overlay-opacity":"","overlay-gradient":""}},"ast-content-background-meta":{"desktop":{"background-color":"var(--ast-global-color-5)","background-image":"","background-repeat":"repeat","background-position":"center center","background-size":"auto","background-attachment":"scroll","background-type":"","background-media":"","overlay-type":"","overlay-color":"","overlay-opacity":"","overlay-gradient":""},"tablet":{"background-color":"var(--ast-global-color-5)","background-image":"","background-repeat":"repeat","background-position":"center center","background-size":"auto","background-attachment":"scroll","background-type":"","background-media":"","overlay-type":"","overlay-color":"","overlay-opacity":"","overlay-gradient":""},"mobile":{"background-color":"var(--ast-global-color-5)","background-image":"","background-repeat":"repeat","background-position":"center center","background-size":"auto","background-attachment":"scroll","background-type":"","background-media":"","overlay-type":"","overlay-color":"","overlay-opacity":"","overlay-gradient":""}}},"product_brand":[],"product_cat":[1979,2262,1955,1982,1953,2056],"product_tag":[],"class_list":{"0":"post-59493","1":"product","2":"type-product","3":"status-publish","4":"has-post-thumbnail","6":"product_cat-business","7":"product_cat-french","8":"product_cat-nonfiction","9":"product_cat-personal-development","10":"product_cat-psychology","11":"product_cat-self-help-2","12":"desktop-align-left","13":"tablet-align-left","14":"mobile-align-left","16":"first","17":"instock","18":"featured","19":"sold-individually","20":"shipping-taxable","21":"purchasable","22":"product-type-simple"},"acf":[],"uagb_featured_image_src":{"full":["https:\/\/book-berries.com\/wp-content\/uploads\/2025\/10\/La-Theorie-Let-Them-Arretez-de-vouloir-controler-l_incontrolable-.png",1728,2160,false],"thumbnail":["https:\/\/book-berries.com\/wp-content\/uploads\/2025\/10\/La-Theorie-Let-Them-Arretez-de-vouloir-controler-l_incontrolable--150x150.png",150,150,true],"medium":["https:\/\/book-berries.com\/wp-content\/uploads\/2025\/10\/La-Theorie-Let-Them-Arretez-de-vouloir-controler-l_incontrolable--240x300.png",240,300,true],"medium_large":["https:\/\/book-berries.com\/wp-content\/uploads\/2025\/10\/La-Theorie-Let-Them-Arretez-de-vouloir-controler-l_incontrolable--768x960.png",768,960,true],"large":["https:\/\/book-berries.com\/wp-content\/uploads\/2025\/10\/La-Theorie-Let-Them-Arretez-de-vouloir-controler-l_incontrolable--819x1024.png",819,1024,true],"1536x1536":["https:\/\/book-berries.com\/wp-content\/uploads\/2025\/10\/La-Theorie-Let-Them-Arretez-de-vouloir-controler-l_incontrolable--1229x1536.png",1229,1536,true],"2048x2048":["https:\/\/book-berries.com\/wp-content\/uploads\/2025\/10\/La-Theorie-Let-Them-Arretez-de-vouloir-controler-l_incontrolable--1638x2048.png",1638,2048,true],"trp-custom-language-flag":["https:\/\/book-berries.com\/wp-content\/uploads\/2025\/10\/La-Theorie-Let-Them-Arretez-de-vouloir-controler-l_incontrolable--10x12.png",10,12,true],"woocommerce_thumbnail":["https:\/\/book-berries.com\/wp-content\/uploads\/2025\/10\/La-Theorie-Let-Them-Arretez-de-vouloir-controler-l_incontrolable--300x300.png",300,300,true],"woocommerce_single":["https:\/\/book-berries.com\/wp-content\/uploads\/2025\/10\/La-Theorie-Let-Them-Arretez-de-vouloir-controler-l_incontrolable--600x750.png",600,750,true],"woocommerce_gallery_thumbnail":["https:\/\/book-berries.com\/wp-content\/uploads\/2025\/10\/La-Theorie-Let-Them-Arretez-de-vouloir-controler-l_incontrolable--100x100.png",100,100,true],"dgwt-wcas-product-suggestion":["https:\/\/book-berries.com\/wp-content\/uploads\/2025\/10\/La-Theorie-Let-Them-Arretez-de-vouloir-controler-l_incontrolable--64x80.png",64,80,true]},"uagb_author_info":{"display_name":"bookberrieslb@gmail.com","author_link":"https:\/\/book-berries.com\/ar\/author\/"},"uagb_comment_info":0,"uagb_excerpt":"Mel Robbins","jetpack_likes_enabled":true,"jetpack_sharing_enabled":true,"_links":{"self":[{"href":"https:\/\/book-berries.com\/ar\/wp-json\/wp\/v2\/product\/59493","targetHints":{"allow":["GET"]}}],"collection":[{"href":"https:\/\/book-berries.com\/ar\/wp-json\/wp\/v2\/product"}],"about":[{"href":"https:\/\/book-berries.com\/ar\/wp-json\/wp\/v2\/types\/product"}],"replies":[{"embeddable":true,"href":"https:\/\/book-berries.com\/ar\/wp-json\/wp\/v2\/comments?post=59493"}],"wp:featuredmedia":[{"embeddable":true,"href":"https:\/\/book-berries.com\/ar\/wp-json\/wp\/v2\/media\/59430"}],"wp:attachment":[{"href":"https:\/\/book-berries.com\/ar\/wp-json\/wp\/v2\/media?parent=59493"}],"wp:term":[{"taxonomy":"product_brand","embeddable":true,"href":"https:\/\/book-berries.com\/ar\/wp-json\/wp\/v2\/product_brand?post=59493"},{"taxonomy":"product_cat","embeddable":true,"href":"https:\/\/book-berries.com\/ar\/wp-json\/wp\/v2\/product_cat?post=59493"},{"taxonomy":"product_tag","embeddable":true,"href":"https:\/\/book-berries.com\/ar\/wp-json\/wp\/v2\/product_tag?post=59493"}],"curies":[{"name":"wp","href":"https:\/\/api.w.org\/{rel}","templated":true}]}}