{"id":59494,"date":"2025-10-16T19:07:49","date_gmt":"2025-10-16T16:07:49","guid":{"rendered":"https:\/\/book-berries.com\/product\/un-artiste-de-la-faim-a-la-colonie-penitenciaire-et-autres-recits\/"},"modified":"2025-10-27T20:40:56","modified_gmt":"2025-10-27T18:40:56","slug":"un-artiste-de-la-faim-a-la-colonie-penitenciaire-et-autres-recits","status":"publish","type":"product","link":"https:\/\/book-berries.com\/ar\/product\/un-artiste-de-la-faim-a-la-colonie-penitenciaire-et-autres-recits\/","title":{"rendered":"Un artiste de la faim, A la colonie penitenciaire et autres recits"},"content":{"rendered":"<p>&#8220;L&#8217;int\u00e9r\u00eat que l&#8217;on porte aux je\u00fbneurs professionnels a beaucoup baiss\u00e9 au cours des derni\u00e8res d\u00e9cennies. Alors qu&#8217;il \u00e9tait avantageux autrefois d&#8217;organiser pour son propre compte des spectacles de cette nature, cela est devenu aujourd&#8217;hui tout \u00e0 fait impossible. C&#8217;\u00e9taient d&#8217;autres temps. A&#8217;cette \u00e9poque, toute la ville s&#8217;occupait du je\u00fbneur ; l&#8217;int\u00e9r\u00eat croissait de jour de je\u00fbne en jour de je\u00fbne ; chacun voulait voir le je\u00fbneur au moins une fois par jour ; vers la fin, il y avait des abonn\u00e9s qui restaient toute la journ\u00e9e assis devant la petite cage grillag\u00e9e&#8230;&#8221;<\/p>","protected":false},"excerpt":{"rendered":"<p><em>Franz Kafka, Claude David<\/em><\/p>","protected":false},"featured_media":59464,"comment_status":"open","ping_status":"closed","template":"","meta":{"_acf_changed":false,"_uag_custom_page_level_css":"","site-sidebar-layout":"default","site-content-layout":"","ast-site-content-layout":"default","site-content-style":"default","site-sidebar-style":"default","ast-global-header-display":"","ast-banner-title-visibility":"","ast-main-header-display":"","ast-hfb-above-header-display":"","ast-hfb-below-header-display":"","ast-hfb-mobile-header-display":"","site-post-title":"","ast-breadcrumbs-content":"","ast-featured-img":"","footer-sml-layout":"","theme-transparent-header-meta":"default","adv-header-id-meta":"","stick-header-meta":"","header-above-stick-meta":"","header-main-stick-meta":"","header-below-stick-meta":"","astra-migrate-meta-layouts":"set","ast-page-background-enabled":"default","ast-page-background-meta":{"desktop":{"background-color":"","background-image":"","background-repeat":"repeat","background-position":"center center","background-size":"auto","background-attachment":"scroll","background-type":"","background-media":"","overlay-type":"","overlay-color":"","overlay-opacity":"","overlay-gradient":""},"tablet":{"background-color":"","background-image":"","background-repeat":"repeat","background-position":"center center","background-size":"auto","background-attachment":"scroll","background-type":"","background-media":"","overlay-type":"","overlay-color":"","overlay-opacity":"","overlay-gradient":""},"mobile":{"background-color":"","background-image":"","background-repeat":"repeat","background-position":"center center","background-size":"auto","background-attachment":"scroll","background-type":"","background-media":"","overlay-type":"","overlay-color":"","overlay-opacity":"","overlay-gradient":""}},"ast-content-background-meta":{"desktop":{"background-color":"var(--ast-global-color-5)","background-image":"","background-repeat":"repeat","background-position":"center center","background-size":"auto","background-attachment":"scroll","background-type":"","background-media":"","overlay-type":"","overlay-color":"","overlay-opacity":"","overlay-gradient":""},"tablet":{"background-color":"var(--ast-global-color-5)","background-image":"","background-repeat":"repeat","background-position":"center center","background-size":"auto","background-attachment":"scroll","background-type":"","background-media":"","overlay-type":"","overlay-color":"","overlay-opacity":"","overlay-gradient":""},"mobile":{"background-color":"var(--ast-global-color-5)","background-image":"","background-repeat":"repeat","background-position":"center center","background-size":"auto","background-attachment":"scroll","background-type":"","background-media":"","overlay-type":"","overlay-color":"","overlay-opacity":"","overlay-gradient":""}}},"product_brand":[],"product_cat":[1941,1937,2262,2242,1952,2034],"product_tag":[],"class_list":{"0":"post-59494","1":"product","2":"type-product","3":"status-publish","4":"has-post-thumbnail","6":"product_cat-classics","7":"product_cat-fiction","8":"product_cat-french","9":"product_cat-literature","10":"product_cat-philosophy","11":"product_cat-short-stories","12":"desktop-align-left","13":"tablet-align-left","14":"mobile-align-left","16":"first","17":"instock","18":"featured","19":"sold-individually","20":"shipping-taxable","21":"purchasable","22":"product-type-simple"},"acf":[],"uagb_featured_image_src":{"full":["https:\/\/book-berries.com\/wp-content\/uploads\/2025\/10\/Un-artiste-de-la-faim-A-la-colonie-penitenciaire-et-autres-recits.png",1728,2160,false],"thumbnail":["https:\/\/book-berries.com\/wp-content\/uploads\/2025\/10\/Un-artiste-de-la-faim-A-la-colonie-penitenciaire-et-autres-recits-150x150.png",150,150,true],"medium":["https:\/\/book-berries.com\/wp-content\/uploads\/2025\/10\/Un-artiste-de-la-faim-A-la-colonie-penitenciaire-et-autres-recits-240x300.png",240,300,true],"medium_large":["https:\/\/book-berries.com\/wp-content\/uploads\/2025\/10\/Un-artiste-de-la-faim-A-la-colonie-penitenciaire-et-autres-recits-768x960.png",768,960,true],"large":["https:\/\/book-berries.com\/wp-content\/uploads\/2025\/10\/Un-artiste-de-la-faim-A-la-colonie-penitenciaire-et-autres-recits-819x1024.png",819,1024,true],"1536x1536":["https:\/\/book-berries.com\/wp-content\/uploads\/2025\/10\/Un-artiste-de-la-faim-A-la-colonie-penitenciaire-et-autres-recits-1229x1536.png",1229,1536,true],"2048x2048":["https:\/\/book-berries.com\/wp-content\/uploads\/2025\/10\/Un-artiste-de-la-faim-A-la-colonie-penitenciaire-et-autres-recits-1638x2048.png",1638,2048,true],"trp-custom-language-flag":["https:\/\/book-berries.com\/wp-content\/uploads\/2025\/10\/Un-artiste-de-la-faim-A-la-colonie-penitenciaire-et-autres-recits-10x12.png",10,12,true],"woocommerce_thumbnail":["https:\/\/book-berries.com\/wp-content\/uploads\/2025\/10\/Un-artiste-de-la-faim-A-la-colonie-penitenciaire-et-autres-recits-300x300.png",300,300,true],"woocommerce_single":["https:\/\/book-berries.com\/wp-content\/uploads\/2025\/10\/Un-artiste-de-la-faim-A-la-colonie-penitenciaire-et-autres-recits-600x750.png",600,750,true],"woocommerce_gallery_thumbnail":["https:\/\/book-berries.com\/wp-content\/uploads\/2025\/10\/Un-artiste-de-la-faim-A-la-colonie-penitenciaire-et-autres-recits-100x100.png",100,100,true],"dgwt-wcas-product-suggestion":["https:\/\/book-berries.com\/wp-content\/uploads\/2025\/10\/Un-artiste-de-la-faim-A-la-colonie-penitenciaire-et-autres-recits-64x80.png",64,80,true]},"uagb_author_info":{"display_name":"bookberrieslb@gmail.com","author_link":"https:\/\/book-berries.com\/ar\/author\/"},"uagb_comment_info":0,"uagb_excerpt":"Franz Kafka, Claude David","jetpack_likes_enabled":true,"jetpack_sharing_enabled":true,"_links":{"self":[{"href":"https:\/\/book-berries.com\/ar\/wp-json\/wp\/v2\/product\/59494","targetHints":{"allow":["GET"]}}],"collection":[{"href":"https:\/\/book-berries.com\/ar\/wp-json\/wp\/v2\/product"}],"about":[{"href":"https:\/\/book-berries.com\/ar\/wp-json\/wp\/v2\/types\/product"}],"replies":[{"embeddable":true,"href":"https:\/\/book-berries.com\/ar\/wp-json\/wp\/v2\/comments?post=59494"}],"wp:featuredmedia":[{"embeddable":true,"href":"https:\/\/book-berries.com\/ar\/wp-json\/wp\/v2\/media\/59464"}],"wp:attachment":[{"href":"https:\/\/book-berries.com\/ar\/wp-json\/wp\/v2\/media?parent=59494"}],"wp:term":[{"taxonomy":"product_brand","embeddable":true,"href":"https:\/\/book-berries.com\/ar\/wp-json\/wp\/v2\/product_brand?post=59494"},{"taxonomy":"product_cat","embeddable":true,"href":"https:\/\/book-berries.com\/ar\/wp-json\/wp\/v2\/product_cat?post=59494"},{"taxonomy":"product_tag","embeddable":true,"href":"https:\/\/book-berries.com\/ar\/wp-json\/wp\/v2\/product_tag?post=59494"}],"curies":[{"name":"wp","href":"https:\/\/api.w.org\/{rel}","templated":true}]}}