{"id":62090,"date":"2025-11-10T19:56:21","date_gmt":"2025-11-10T17:56:21","guid":{"rendered":"https:\/\/book-berries.com\/product\/mesopotamia\/"},"modified":"2025-11-11T12:13:35","modified_gmt":"2025-11-11T10:13:35","slug":"mesopotamia","status":"publish","type":"product","link":"https:\/\/book-berries.com\/ar\/product\/mesopotamia\/","title":{"rendered":"Mesopotamia"},"content":{"rendered":"<p>Vous ne la connaissez pas, pourtant elle a tenu le monde entre ses mains. Au lendemain de la Premi\u00e8re Guerre mondiale, Gertrude Bell a dessin\u00e9 les fronti\u00e8re de l&#8217;Orient, dans ce d\u00e9sert sauvage o\u00f9 tout a commenc\u00e9 : le pays entre deux fleuves, le Tigre et l&#8217;Euphrate.<\/p>\n<p>Aventuri\u00e8re, arch\u00e9ologue, espionne, parlant l&#8217;arabe et le persan, elle fut la premi\u00e8re femme puissante de l&#8217;Empire britannique, mais aussi une h\u00e9ro\u00efne tragique. Id\u00e9aliste comme son ami et fr\u00e8re d&#8217;\u00e2me Lawrence d&#8217;Arabie. Imp\u00e9rialiste et courageuse comme le jeune Winston Churchill. Enfant aim\u00e9e et incomprise d&#8217;une riche famille victorienne. Amoureuse \u00e9perdue. Et une \u00e9nigme pour nous : celle des femmes que l&#8217;Histoire a effac\u00e9es.<\/p>\n<p>Olivier Guez lui rend sa gloire et nous offre une \u00e9pop\u00e9e flamboyante : de la d\u00e9couverte de gigantesques gisements p\u00e9troliers aux jeux de pouvoir cruels entre Britanniques, Fran\u00e7ais et Allemands, des n\u00e9gociations sous les tentes b\u00e9douines aux sables de Bagdad o\u00f9 se perdent nos r\u00eaves.<br \/>\nLe roman de Gertrude Bell dessine la vaste freque de la premi\u00e8re mondialisation, quand le plus grand empire de tous les temps s&#8217;approprie une contr\u00e9e mythique et maudite, terre d&#8217;Abraham, du d\u00e9luge et de Babel, tombeau d&#8217;Alexandre le Grand : la M\u00e9sopotamie.<\/p>","protected":false},"excerpt":{"rendered":"<p><em>Olivier Guez<\/em><\/p>","protected":false},"featured_media":62048,"comment_status":"open","ping_status":"closed","template":"","meta":{"_acf_changed":false,"_uag_custom_page_level_css":"","site-sidebar-layout":"default","site-content-layout":"","ast-site-content-layout":"default","site-content-style":"default","site-sidebar-style":"default","ast-global-header-display":"","ast-banner-title-visibility":"","ast-main-header-display":"","ast-hfb-above-header-display":"","ast-hfb-below-header-display":"","ast-hfb-mobile-header-display":"","site-post-title":"","ast-breadcrumbs-content":"","ast-featured-img":"","footer-sml-layout":"","theme-transparent-header-meta":"default","adv-header-id-meta":"","stick-header-meta":"","header-above-stick-meta":"","header-main-stick-meta":"","header-below-stick-meta":"","astra-migrate-meta-layouts":"set","ast-page-background-enabled":"default","ast-page-background-meta":{"desktop":{"background-color":"","background-image":"","background-repeat":"repeat","background-position":"center center","background-size":"auto","background-attachment":"scroll","background-type":"","background-media":"","overlay-type":"","overlay-color":"","overlay-opacity":"","overlay-gradient":""},"tablet":{"background-color":"","background-image":"","background-repeat":"repeat","background-position":"center center","background-size":"auto","background-attachment":"scroll","background-type":"","background-media":"","overlay-type":"","overlay-color":"","overlay-opacity":"","overlay-gradient":""},"mobile":{"background-color":"","background-image":"","background-repeat":"repeat","background-position":"center center","background-size":"auto","background-attachment":"scroll","background-type":"","background-media":"","overlay-type":"","overlay-color":"","overlay-opacity":"","overlay-gradient":""}},"ast-content-background-meta":{"desktop":{"background-color":"var(--ast-global-color-5)","background-image":"","background-repeat":"repeat","background-position":"center center","background-size":"auto","background-attachment":"scroll","background-type":"","background-media":"","overlay-type":"","overlay-color":"","overlay-opacity":"","overlay-gradient":""},"tablet":{"background-color":"var(--ast-global-color-5)","background-image":"","background-repeat":"repeat","background-position":"center center","background-size":"auto","background-attachment":"scroll","background-type":"","background-media":"","overlay-type":"","overlay-color":"","overlay-opacity":"","overlay-gradient":""},"mobile":{"background-color":"var(--ast-global-color-5)","background-image":"","background-repeat":"repeat","background-position":"center center","background-size":"auto","background-attachment":"scroll","background-type":"","background-media":"","overlay-type":"","overlay-color":"","overlay-opacity":"","overlay-gradient":""}}},"product_brand":[],"product_cat":[2038,2262,1956,2242,1955],"product_tag":[],"class_list":{"0":"post-62090","1":"product","2":"type-product","3":"status-publish","4":"has-post-thumbnail","6":"product_cat-biography","7":"product_cat-french","8":"product_cat-history","9":"product_cat-literature","10":"product_cat-nonfiction","11":"desktop-align-left","12":"tablet-align-left","13":"mobile-align-left","15":"first","16":"instock","17":"featured","18":"sold-individually","19":"shipping-taxable","20":"purchasable","21":"product-type-simple"},"acf":[],"uagb_featured_image_src":{"full":["https:\/\/book-berries.com\/wp-content\/uploads\/2025\/11\/Mesopotamia.png",1728,2160,false],"thumbnail":["https:\/\/book-berries.com\/wp-content\/uploads\/2025\/11\/Mesopotamia-150x150.png",150,150,true],"medium":["https:\/\/book-berries.com\/wp-content\/uploads\/2025\/11\/Mesopotamia-240x300.png",240,300,true],"medium_large":["https:\/\/book-berries.com\/wp-content\/uploads\/2025\/11\/Mesopotamia-768x960.png",768,960,true],"large":["https:\/\/book-berries.com\/wp-content\/uploads\/2025\/11\/Mesopotamia-819x1024.png",819,1024,true],"1536x1536":["https:\/\/book-berries.com\/wp-content\/uploads\/2025\/11\/Mesopotamia-1229x1536.png",1229,1536,true],"2048x2048":["https:\/\/book-berries.com\/wp-content\/uploads\/2025\/11\/Mesopotamia-1638x2048.png",1638,2048,true],"trp-custom-language-flag":["https:\/\/book-berries.com\/wp-content\/uploads\/2025\/11\/Mesopotamia-10x12.png",10,12,true],"woocommerce_thumbnail":["https:\/\/book-berries.com\/wp-content\/uploads\/2025\/11\/Mesopotamia-300x300.png",300,300,true],"woocommerce_single":["https:\/\/book-berries.com\/wp-content\/uploads\/2025\/11\/Mesopotamia-600x750.png",600,750,true],"woocommerce_gallery_thumbnail":["https:\/\/book-berries.com\/wp-content\/uploads\/2025\/11\/Mesopotamia-100x100.png",100,100,true],"dgwt-wcas-product-suggestion":["https:\/\/book-berries.com\/wp-content\/uploads\/2025\/11\/Mesopotamia-64x80.png",64,80,true]},"uagb_author_info":{"display_name":"bookberrieslb@gmail.com","author_link":"https:\/\/book-berries.com\/ar\/author\/"},"uagb_comment_info":0,"uagb_excerpt":"Olivier Guez","jetpack_likes_enabled":true,"jetpack_sharing_enabled":true,"_links":{"self":[{"href":"https:\/\/book-berries.com\/ar\/wp-json\/wp\/v2\/product\/62090","targetHints":{"allow":["GET"]}}],"collection":[{"href":"https:\/\/book-berries.com\/ar\/wp-json\/wp\/v2\/product"}],"about":[{"href":"https:\/\/book-berries.com\/ar\/wp-json\/wp\/v2\/types\/product"}],"replies":[{"embeddable":true,"href":"https:\/\/book-berries.com\/ar\/wp-json\/wp\/v2\/comments?post=62090"}],"wp:featuredmedia":[{"embeddable":true,"href":"https:\/\/book-berries.com\/ar\/wp-json\/wp\/v2\/media\/62048"}],"wp:attachment":[{"href":"https:\/\/book-berries.com\/ar\/wp-json\/wp\/v2\/media?parent=62090"}],"wp:term":[{"taxonomy":"product_brand","embeddable":true,"href":"https:\/\/book-berries.com\/ar\/wp-json\/wp\/v2\/product_brand?post=62090"},{"taxonomy":"product_cat","embeddable":true,"href":"https:\/\/book-berries.com\/ar\/wp-json\/wp\/v2\/product_cat?post=62090"},{"taxonomy":"product_tag","embeddable":true,"href":"https:\/\/book-berries.com\/ar\/wp-json\/wp\/v2\/product_tag?post=62090"}],"curies":[{"name":"wp","href":"https:\/\/api.w.org\/{rel}","templated":true}]}}