{"id":63541,"date":"2025-11-22T22:36:15","date_gmt":"2025-11-22T20:36:15","guid":{"rendered":"https:\/\/book-berries.com\/product\/culpa-nossa\/"},"modified":"2025-11-23T21:26:47","modified_gmt":"2025-11-23T19:26:47","slug":"culpa-nossa","status":"publish","type":"product","link":"https:\/\/book-berries.com\/ar\/product\/culpa-nossa\/","title":{"rendered":"Culpa Nossa"},"content":{"rendered":"<p>At\u00e9 onde est\u00e3o dispostos a ir Nick e Noah? Descobre o final surpreendente da s\u00e9rie YA mais lida do momento.<\/p>\n<p>A rela\u00e7\u00e3o de Nick e Noah passa pelo pior momento de sempre, e parece que nada voltar\u00e1 a ser como antes&#8230; Mas muitas coisas ter\u00e3o ainda de acontecer para perceberem se realmente foram feitos um para o outro.<\/p>\n<p>O amor nem sempre \u00e9 suficiente e o perd\u00e3o, \u00e0s vezes, tamb\u00e9m n\u00e3o chega para resolver as coisas. Mas ser\u00e1 poss\u00edvel esquecer uma paix\u00e3o t\u00e3o forte? Como apagar mem\u00f3rias que est\u00e3o tatuadas no cora\u00e7\u00e3o? Ser\u00e3o eles capazes de esquecer o passado e come\u00e7ar de novo?<\/p>\n<p>A nova trilogia da autora sensa\u00e7\u00e3o para f\u00e3s de Alice Kellen e Anna Todd.<\/p>","protected":false},"excerpt":{"rendered":"<p>Culpables #3 | Mercedes Ron<\/p>","protected":false},"featured_media":63479,"comment_status":"open","ping_status":"closed","template":"","meta":{"_acf_changed":false,"_uag_custom_page_level_css":"","site-sidebar-layout":"default","site-content-layout":"","ast-site-content-layout":"default","site-content-style":"default","site-sidebar-style":"default","ast-global-header-display":"","ast-banner-title-visibility":"","ast-main-header-display":"","ast-hfb-above-header-display":"","ast-hfb-below-header-display":"","ast-hfb-mobile-header-display":"","site-post-title":"","ast-breadcrumbs-content":"","ast-featured-img":"","footer-sml-layout":"","theme-transparent-header-meta":"default","adv-header-id-meta":"","stick-header-meta":"","header-above-stick-meta":"","header-main-stick-meta":"","header-below-stick-meta":"","astra-migrate-meta-layouts":"set","ast-page-background-enabled":"default","ast-page-background-meta":{"desktop":{"background-color":"","background-image":"","background-repeat":"repeat","background-position":"center center","background-size":"auto","background-attachment":"scroll","background-type":"","background-media":"","overlay-type":"","overlay-color":"","overlay-opacity":"","overlay-gradient":""},"tablet":{"background-color":"","background-image":"","background-repeat":"repeat","background-position":"center center","background-size":"auto","background-attachment":"scroll","background-type":"","background-media":"","overlay-type":"","overlay-color":"","overlay-opacity":"","overlay-gradient":""},"mobile":{"background-color":"","background-image":"","background-repeat":"repeat","background-position":"center center","background-size":"auto","background-attachment":"scroll","background-type":"","background-media":"","overlay-type":"","overlay-color":"","overlay-opacity":"","overlay-gradient":""}},"ast-content-background-meta":{"desktop":{"background-color":"var(--ast-global-color-5)","background-image":"","background-repeat":"repeat","background-position":"center center","background-size":"auto","background-attachment":"scroll","background-type":"","background-media":"","overlay-type":"","overlay-color":"","overlay-opacity":"","overlay-gradient":""},"tablet":{"background-color":"var(--ast-global-color-5)","background-image":"","background-repeat":"repeat","background-position":"center center","background-size":"auto","background-attachment":"scroll","background-type":"","background-media":"","overlay-type":"","overlay-color":"","overlay-opacity":"","overlay-gradient":""},"mobile":{"background-color":"var(--ast-global-color-5)","background-image":"","background-repeat":"repeat","background-position":"center center","background-size":"auto","background-attachment":"scroll","background-type":"","background-media":"","overlay-type":"","overlay-color":"","overlay-opacity":"","overlay-gradient":""}}},"product_brand":[],"product_cat":[2042,1949,1976,2257,1947,2295,1938],"product_tag":[],"class_list":{"0":"post-63541","1":"product","2":"type-product","3":"status-publish","4":"has-post-thumbnail","6":"product_cat-contemporary","7":"product_cat-drama","8":"product_cat-enemies-to-lovers","9":"product_cat-new-adult","10":"product_cat-romance","11":"product_cat-spanish-books","12":"product_cat-young-adult","13":"desktop-align-left","14":"tablet-align-left","15":"mobile-align-left","17":"first","18":"instock","19":"featured","20":"sold-individually","21":"shipping-taxable","22":"purchasable","23":"product-type-simple"},"acf":[],"uagb_featured_image_src":{"full":["https:\/\/book-berries.com\/wp-content\/uploads\/2025\/11\/Culpa-Nossa.png",1728,2160,false],"thumbnail":["https:\/\/book-berries.com\/wp-content\/uploads\/2025\/11\/Culpa-Nossa-150x150.png",150,150,true],"medium":["https:\/\/book-berries.com\/wp-content\/uploads\/2025\/11\/Culpa-Nossa-240x300.png",240,300,true],"medium_large":["https:\/\/book-berries.com\/wp-content\/uploads\/2025\/11\/Culpa-Nossa-768x960.png",768,960,true],"large":["https:\/\/book-berries.com\/wp-content\/uploads\/2025\/11\/Culpa-Nossa-819x1024.png",819,1024,true],"1536x1536":["https:\/\/book-berries.com\/wp-content\/uploads\/2025\/11\/Culpa-Nossa-1229x1536.png",1229,1536,true],"2048x2048":["https:\/\/book-berries.com\/wp-content\/uploads\/2025\/11\/Culpa-Nossa-1638x2048.png",1638,2048,true],"trp-custom-language-flag":["https:\/\/book-berries.com\/wp-content\/uploads\/2025\/11\/Culpa-Nossa-10x12.png",10,12,true],"woocommerce_thumbnail":["https:\/\/book-berries.com\/wp-content\/uploads\/2025\/11\/Culpa-Nossa-300x300.png",300,300,true],"woocommerce_single":["https:\/\/book-berries.com\/wp-content\/uploads\/2025\/11\/Culpa-Nossa-600x750.png",600,750,true],"woocommerce_gallery_thumbnail":["https:\/\/book-berries.com\/wp-content\/uploads\/2025\/11\/Culpa-Nossa-100x100.png",100,100,true],"dgwt-wcas-product-suggestion":["https:\/\/book-berries.com\/wp-content\/uploads\/2025\/11\/Culpa-Nossa-64x80.png",64,80,true]},"uagb_author_info":{"display_name":"bookberrieslb@gmail.com","author_link":"https:\/\/book-berries.com\/ar\/author\/"},"uagb_comment_info":0,"uagb_excerpt":"Culpables #3 | Mercedes Ron","jetpack_likes_enabled":true,"jetpack_sharing_enabled":true,"_links":{"self":[{"href":"https:\/\/book-berries.com\/ar\/wp-json\/wp\/v2\/product\/63541","targetHints":{"allow":["GET"]}}],"collection":[{"href":"https:\/\/book-berries.com\/ar\/wp-json\/wp\/v2\/product"}],"about":[{"href":"https:\/\/book-berries.com\/ar\/wp-json\/wp\/v2\/types\/product"}],"replies":[{"embeddable":true,"href":"https:\/\/book-berries.com\/ar\/wp-json\/wp\/v2\/comments?post=63541"}],"wp:featuredmedia":[{"embeddable":true,"href":"https:\/\/book-berries.com\/ar\/wp-json\/wp\/v2\/media\/63479"}],"wp:attachment":[{"href":"https:\/\/book-berries.com\/ar\/wp-json\/wp\/v2\/media?parent=63541"}],"wp:term":[{"taxonomy":"product_brand","embeddable":true,"href":"https:\/\/book-berries.com\/ar\/wp-json\/wp\/v2\/product_brand?post=63541"},{"taxonomy":"product_cat","embeddable":true,"href":"https:\/\/book-berries.com\/ar\/wp-json\/wp\/v2\/product_cat?post=63541"},{"taxonomy":"product_tag","embeddable":true,"href":"https:\/\/book-berries.com\/ar\/wp-json\/wp\/v2\/product_tag?post=63541"}],"curies":[{"name":"wp","href":"https:\/\/api.w.org\/{rel}","templated":true}]}}