{"id":69284,"date":"2026-01-08T12:21:03","date_gmt":"2026-01-08T10:21:03","guid":{"rendered":"https:\/\/book-berries.com\/product\/le-discours-de-la-methode\/"},"modified":"2026-01-08T12:21:03","modified_gmt":"2026-01-08T10:21:03","slug":"le-discours-de-la-methode","status":"publish","type":"product","link":"https:\/\/book-berries.com\/ar\/product\/le-discours-de-la-methode\/","title":{"rendered":"Le Discours De La Methode"},"content":{"rendered":"<p>Dans son Discours de la m\u00e9thode, Descartes semble annoncer Le Corbusier quand il r\u00eave de villes trac\u00e9es au cordeau, d\u00e9livr\u00e9es du d\u00e9sordre m\u00e9di\u00e9val, et qu&#8217;il compare l&#8217;empilement chaotique des savoirs h\u00e9rit\u00e9s de la tradition \u00e0 ces constructions de guingois encombrant le coeur de la capitale. D\u00e9plorant la confusion de leur agencement et magnifiant la transparence des \u00e9difices rationnels, Descartes formule le projet utopique d&#8217;un futur proche o\u00f9 l&#8217;homme se serait rendu &#8220;comme ma\u00eetre et possesseur de la nature&#8221;. Relire le Discours de la m\u00e9thode c&#8217;est \u00e0 cet \u00e9gard remonter \u00e0 la source des fantasmes prom\u00e9th\u00e9ens de la modernit\u00e9.<br \/>\nCependant, Descartes redevient philosophe d\u00e8s lors qu&#8217;il rejoint sa chambre et nous invite, \u00e0 son instar, \u00e0 nous arr\u00eater en chemin pour tester la solidit\u00e9 de nos certitudes. C&#8217;est \u00e0 l&#8217;\u00e2ge d&#8217;homme, quand le savoir accumul\u00e9 obscurcit l&#8217;esprit, qu&#8217;il faut savoir s&#8217;offrir, au moins une fois en sa vie, le luxe du doute. Faites place nette sur votre table de chevet pour y d\u00e9poser, comme une purge aux vertus cathartiques, ce texte radicalement moderne ! &#8211;Paul Klein<\/p>","protected":false},"excerpt":{"rendered":"<p>Rene Descartes<\/p>","protected":false},"featured_media":69018,"comment_status":"open","ping_status":"closed","template":"","meta":{"_acf_changed":false,"_uag_custom_page_level_css":"","site-sidebar-layout":"default","site-content-layout":"","ast-site-content-layout":"default","site-content-style":"default","site-sidebar-style":"default","ast-global-header-display":"","ast-banner-title-visibility":"","ast-main-header-display":"","ast-hfb-above-header-display":"","ast-hfb-below-header-display":"","ast-hfb-mobile-header-display":"","site-post-title":"","ast-breadcrumbs-content":"","ast-featured-img":"","footer-sml-layout":"","ast-disable-related-posts":"","theme-transparent-header-meta":"","adv-header-id-meta":"","stick-header-meta":"","header-above-stick-meta":"","header-main-stick-meta":"","header-below-stick-meta":"","astra-migrate-meta-layouts":"default","ast-page-background-enabled":"default","ast-page-background-meta":{"desktop":{"background-color":"","background-image":"","background-repeat":"repeat","background-position":"center center","background-size":"auto","background-attachment":"scroll","background-type":"","background-media":"","overlay-type":"","overlay-color":"","overlay-opacity":"","overlay-gradient":""},"tablet":{"background-color":"","background-image":"","background-repeat":"repeat","background-position":"center center","background-size":"auto","background-attachment":"scroll","background-type":"","background-media":"","overlay-type":"","overlay-color":"","overlay-opacity":"","overlay-gradient":""},"mobile":{"background-color":"","background-image":"","background-repeat":"repeat","background-position":"center center","background-size":"auto","background-attachment":"scroll","background-type":"","background-media":"","overlay-type":"","overlay-color":"","overlay-opacity":"","overlay-gradient":""}},"ast-content-background-meta":{"desktop":{"background-color":"var(--ast-global-color-5)","background-image":"","background-repeat":"repeat","background-position":"center center","background-size":"auto","background-attachment":"scroll","background-type":"","background-media":"","overlay-type":"","overlay-color":"","overlay-opacity":"","overlay-gradient":""},"tablet":{"background-color":"var(--ast-global-color-5)","background-image":"","background-repeat":"repeat","background-position":"center center","background-size":"auto","background-attachment":"scroll","background-type":"","background-media":"","overlay-type":"","overlay-color":"","overlay-opacity":"","overlay-gradient":""},"mobile":{"background-color":"var(--ast-global-color-5)","background-image":"","background-repeat":"repeat","background-position":"center center","background-size":"auto","background-attachment":"scroll","background-type":"","background-media":"","overlay-type":"","overlay-color":"","overlay-opacity":"","overlay-gradient":""}}},"product_brand":[],"product_cat":[1941,2254,1955,1952,2008],"product_tag":[],"class_list":{"0":"post-69284","1":"product","2":"type-product","3":"status-publish","4":"has-post-thumbnail","6":"product_cat-classics","7":"product_cat-essays","8":"product_cat-nonfiction","9":"product_cat-philosophy","10":"product_cat-science","11":"desktop-align-left","12":"tablet-align-left","13":"mobile-align-left","15":"first","16":"instock","17":"featured","18":"sold-individually","19":"shipping-taxable","20":"purchasable","21":"product-type-simple"},"acf":[],"uagb_featured_image_src":{"full":["https:\/\/book-berries.com\/wp-content\/uploads\/2026\/01\/Le-Discours-De-La-Methode.png",1728,2160,false],"thumbnail":["https:\/\/book-berries.com\/wp-content\/uploads\/2026\/01\/Le-Discours-De-La-Methode-150x150.png",150,150,true],"medium":["https:\/\/book-berries.com\/wp-content\/uploads\/2026\/01\/Le-Discours-De-La-Methode-240x300.png",240,300,true],"medium_large":["https:\/\/book-berries.com\/wp-content\/uploads\/2026\/01\/Le-Discours-De-La-Methode-768x960.png",768,960,true],"large":["https:\/\/book-berries.com\/wp-content\/uploads\/2026\/01\/Le-Discours-De-La-Methode-819x1024.png",819,1024,true],"1536x1536":["https:\/\/book-berries.com\/wp-content\/uploads\/2026\/01\/Le-Discours-De-La-Methode-1229x1536.png",1229,1536,true],"2048x2048":["https:\/\/book-berries.com\/wp-content\/uploads\/2026\/01\/Le-Discours-De-La-Methode-1638x2048.png",1638,2048,true],"trp-custom-language-flag":["https:\/\/book-berries.com\/wp-content\/uploads\/2026\/01\/Le-Discours-De-La-Methode-10x12.png",10,12,true],"woocommerce_thumbnail":["https:\/\/book-berries.com\/wp-content\/uploads\/2026\/01\/Le-Discours-De-La-Methode-300x300.png",300,300,true],"woocommerce_single":["https:\/\/book-berries.com\/wp-content\/uploads\/2026\/01\/Le-Discours-De-La-Methode-600x750.png",600,750,true],"woocommerce_gallery_thumbnail":["https:\/\/book-berries.com\/wp-content\/uploads\/2026\/01\/Le-Discours-De-La-Methode-100x100.png",100,100,true],"dgwt-wcas-product-suggestion":["https:\/\/book-berries.com\/wp-content\/uploads\/2026\/01\/Le-Discours-De-La-Methode-64x80.png",64,80,true]},"uagb_author_info":{"display_name":"bookberrieslb@gmail.com","author_link":"https:\/\/book-berries.com\/ar\/author\/"},"uagb_comment_info":0,"uagb_excerpt":"Rene Descartes","jetpack_likes_enabled":true,"jetpack_sharing_enabled":true,"_links":{"self":[{"href":"https:\/\/book-berries.com\/ar\/wp-json\/wp\/v2\/product\/69284","targetHints":{"allow":["GET"]}}],"collection":[{"href":"https:\/\/book-berries.com\/ar\/wp-json\/wp\/v2\/product"}],"about":[{"href":"https:\/\/book-berries.com\/ar\/wp-json\/wp\/v2\/types\/product"}],"replies":[{"embeddable":true,"href":"https:\/\/book-berries.com\/ar\/wp-json\/wp\/v2\/comments?post=69284"}],"wp:featuredmedia":[{"embeddable":true,"href":"https:\/\/book-berries.com\/ar\/wp-json\/wp\/v2\/media\/69018"}],"wp:attachment":[{"href":"https:\/\/book-berries.com\/ar\/wp-json\/wp\/v2\/media?parent=69284"}],"wp:term":[{"taxonomy":"product_brand","embeddable":true,"href":"https:\/\/book-berries.com\/ar\/wp-json\/wp\/v2\/product_brand?post=69284"},{"taxonomy":"product_cat","embeddable":true,"href":"https:\/\/book-berries.com\/ar\/wp-json\/wp\/v2\/product_cat?post=69284"},{"taxonomy":"product_tag","embeddable":true,"href":"https:\/\/book-berries.com\/ar\/wp-json\/wp\/v2\/product_tag?post=69284"}],"curies":[{"name":"wp","href":"https:\/\/api.w.org\/{rel}","templated":true}]}}