{"id":70817,"date":"2026-01-26T17:09:55","date_gmt":"2026-01-26T15:09:55","guid":{"rendered":"https:\/\/book-berries.com\/product\/molloy\/"},"modified":"2026-01-26T17:09:55","modified_gmt":"2026-01-26T15:09:55","slug":"molloy","status":"publish","type":"product","link":"https:\/\/book-berries.com\/ar\/product\/molloy\/","title":{"rendered":"Molloy"},"content":{"rendered":"<p>\u00c9crit en fran\u00e7ais en 1947, Molloy est paru en 1951. De m\u00eame que Dante chemine de cercle en cercle pour atteindre son Enfer ou son Paradis, de m\u00eame Samuel Beckett situe-t-il, chacun dans un cercle bien distinct, les trois principaux protagonistes des romans de sa trilogie, Molloy, Malone meurt et L&#8217;Innommable, afin qu&#8217;ils atteignent, peut-\u00eatre, le n\u00e9ant auquel ils aspirent. D&#8217;un roman \u00e0 l&#8217;autre, ce cercle est de plus en plus r\u00e9duit. Si Molloy est enferm\u00e9 dans un cercle, c&#8217;est celui-l\u00e0 m\u00eame de son r\u00e9cit cyclique qui commence par la fin et se termine au commencement. Molloy n&#8217;est pas confin\u00e9 dans un seul lieu, il poss\u00e8de encore un relatif degr\u00e9 de mobilit\u00e9 malgr\u00e9 sa mauvaise jambe. \u00c0 bicyclette d&#8217;abord, muni de b\u00e9quilles ensuite, puis ne pouvant plus que ramper, le voil\u00e0 parti \u00e0 la recherche de sa m\u00e8re, dit-il. N&#8217;est-il pas plut\u00f4t en qu\u00eate de lui-m\u00eame, ou bien d&#8217;une certitude qui lui \u00e9chappe toujours\u00a0? Dans la deuxi\u00e8me partie du roman, la boucle que d\u00e9crit la trajectoire de Molloy se d\u00e9double\u00a0: c&#8217;est le rapport, cyclique aussi, que r\u00e9dige Moran. D\u00e9tective de l&#8217;agence Youdi, Moran a re\u00e7u l&#8217;ordre de se lancer \u00e0 la recherche de Molloy. Lorsque Moran entame sa poursuite, il est en pleine possession de tous ses moyens physiques, de toutes ses certitudes. Au fil de sa qu\u00eate, peu \u00e0 peu son \u00e9tat se modifie profond\u00e9ment et se d\u00e9t\u00e9riore \u00e0 tous \u00e9gards\u00a0: Moran va ressembler de plus en plus \u00e0 Molloy lui-m\u00eame. Moran trouvera-t-il Molloy ? Ne seraient-ils que deux facettes d&#8217;une seule et m\u00eame personne\u00a0? Les deux boucles de leurs trajectoires respectives vont peut-\u00eatre finir par se rencontrer pour former l&#8217;image du huit horizontal, signe de l&#8217;infini recommencement d&#8217;une impossible qu\u00eate de soi.<\/p>","protected":false},"excerpt":{"rendered":"<p>The Trilogy #1 | Samuel Beckett<\/p>","protected":false},"featured_media":70614,"comment_status":"open","ping_status":"closed","template":"","meta":{"_acf_changed":false,"_uag_custom_page_level_css":"","site-sidebar-layout":"default","site-content-layout":"","ast-site-content-layout":"default","site-content-style":"default","site-sidebar-style":"default","ast-global-header-display":"","ast-banner-title-visibility":"","ast-main-header-display":"","ast-hfb-above-header-display":"","ast-hfb-below-header-display":"","ast-hfb-mobile-header-display":"","site-post-title":"","ast-breadcrumbs-content":"","ast-featured-img":"","footer-sml-layout":"","theme-transparent-header-meta":"","adv-header-id-meta":"","stick-header-meta":"","header-above-stick-meta":"","header-main-stick-meta":"","header-below-stick-meta":"","astra-migrate-meta-layouts":"default","ast-page-background-enabled":"default","ast-page-background-meta":{"desktop":{"background-color":"","background-image":"","background-repeat":"repeat","background-position":"center center","background-size":"auto","background-attachment":"scroll","background-type":"","background-media":"","overlay-type":"","overlay-color":"","overlay-opacity":"","overlay-gradient":""},"tablet":{"background-color":"","background-image":"","background-repeat":"repeat","background-position":"center center","background-size":"auto","background-attachment":"scroll","background-type":"","background-media":"","overlay-type":"","overlay-color":"","overlay-opacity":"","overlay-gradient":""},"mobile":{"background-color":"","background-image":"","background-repeat":"repeat","background-position":"center center","background-size":"auto","background-attachment":"scroll","background-type":"","background-media":"","overlay-type":"","overlay-color":"","overlay-opacity":"","overlay-gradient":""}},"ast-content-background-meta":{"desktop":{"background-color":"var(--ast-global-color-5)","background-image":"","background-repeat":"repeat","background-position":"center center","background-size":"auto","background-attachment":"scroll","background-type":"","background-media":"","overlay-type":"","overlay-color":"","overlay-opacity":"","overlay-gradient":""},"tablet":{"background-color":"var(--ast-global-color-5)","background-image":"","background-repeat":"repeat","background-position":"center center","background-size":"auto","background-attachment":"scroll","background-type":"","background-media":"","overlay-type":"","overlay-color":"","overlay-opacity":"","overlay-gradient":""},"mobile":{"background-color":"var(--ast-global-color-5)","background-image":"","background-repeat":"repeat","background-position":"center center","background-size":"auto","background-attachment":"scroll","background-type":"","background-media":"","overlay-type":"","overlay-color":"","overlay-opacity":"","overlay-gradient":""}}},"product_brand":[],"product_cat":[2385,1937,2262,2242,2240],"product_tag":[],"class_list":{"0":"post-70817","1":"product","2":"type-product","3":"status-publish","4":"has-post-thumbnail","6":"product_cat-classics-2","7":"product_cat-fiction","8":"product_cat-french","9":"product_cat-literature","10":"product_cat-novels","11":"desktop-align-left","12":"tablet-align-left","13":"mobile-align-left","15":"first","16":"instock","17":"featured","18":"sold-individually","19":"shipping-taxable","20":"purchasable","21":"product-type-simple"},"acf":[],"uagb_featured_image_src":{"full":["https:\/\/book-berries.com\/wp-content\/uploads\/2026\/01\/Molloy.png",1728,2160,false],"thumbnail":["https:\/\/book-berries.com\/wp-content\/uploads\/2026\/01\/Molloy-150x150.png",150,150,true],"medium":["https:\/\/book-berries.com\/wp-content\/uploads\/2026\/01\/Molloy-240x300.png",240,300,true],"medium_large":["https:\/\/book-berries.com\/wp-content\/uploads\/2026\/01\/Molloy-768x960.png",768,960,true],"large":["https:\/\/book-berries.com\/wp-content\/uploads\/2026\/01\/Molloy-819x1024.png",819,1024,true],"1536x1536":["https:\/\/book-berries.com\/wp-content\/uploads\/2026\/01\/Molloy-1229x1536.png",1229,1536,true],"2048x2048":["https:\/\/book-berries.com\/wp-content\/uploads\/2026\/01\/Molloy-1638x2048.png",1638,2048,true],"trp-custom-language-flag":["https:\/\/book-berries.com\/wp-content\/uploads\/2026\/01\/Molloy-10x12.png",10,12,true],"woocommerce_thumbnail":["https:\/\/book-berries.com\/wp-content\/uploads\/2026\/01\/Molloy-300x300.png",300,300,true],"woocommerce_single":["https:\/\/book-berries.com\/wp-content\/uploads\/2026\/01\/Molloy-600x750.png",600,750,true],"woocommerce_gallery_thumbnail":["https:\/\/book-berries.com\/wp-content\/uploads\/2026\/01\/Molloy-100x100.png",100,100,true],"dgwt-wcas-product-suggestion":["https:\/\/book-berries.com\/wp-content\/uploads\/2026\/01\/Molloy-64x80.png",64,80,true]},"uagb_author_info":{"display_name":"bookberrieslb@gmail.com","author_link":"https:\/\/book-berries.com\/ar\/author\/"},"uagb_comment_info":0,"uagb_excerpt":"The Trilogy #1 | Samuel Beckett","jetpack_likes_enabled":true,"jetpack_sharing_enabled":true,"_links":{"self":[{"href":"https:\/\/book-berries.com\/ar\/wp-json\/wp\/v2\/product\/70817","targetHints":{"allow":["GET"]}}],"collection":[{"href":"https:\/\/book-berries.com\/ar\/wp-json\/wp\/v2\/product"}],"about":[{"href":"https:\/\/book-berries.com\/ar\/wp-json\/wp\/v2\/types\/product"}],"replies":[{"embeddable":true,"href":"https:\/\/book-berries.com\/ar\/wp-json\/wp\/v2\/comments?post=70817"}],"wp:featuredmedia":[{"embeddable":true,"href":"https:\/\/book-berries.com\/ar\/wp-json\/wp\/v2\/media\/70614"}],"wp:attachment":[{"href":"https:\/\/book-berries.com\/ar\/wp-json\/wp\/v2\/media?parent=70817"}],"wp:term":[{"taxonomy":"product_brand","embeddable":true,"href":"https:\/\/book-berries.com\/ar\/wp-json\/wp\/v2\/product_brand?post=70817"},{"taxonomy":"product_cat","embeddable":true,"href":"https:\/\/book-berries.com\/ar\/wp-json\/wp\/v2\/product_cat?post=70817"},{"taxonomy":"product_tag","embeddable":true,"href":"https:\/\/book-berries.com\/ar\/wp-json\/wp\/v2\/product_tag?post=70817"}],"curies":[{"name":"wp","href":"https:\/\/api.w.org\/{rel}","templated":true}]}}