{"id":72113,"date":"2026-02-13T15:31:39","date_gmt":"2026-02-13T13:31:39","guid":{"rendered":"https:\/\/book-berries.com\/product\/paul-et-virgine\/"},"modified":"2026-02-13T15:31:39","modified_gmt":"2026-02-13T13:31:39","slug":"paul-et-virgine","status":"publish","type":"product","link":"https:\/\/book-berries.com\/ar\/product\/paul-et-virgine\/","title":{"rendered":"Paul Et Virgine"},"content":{"rendered":"<p>Jacques Bernardin Henri de Saint-Pierre, dit abusivement Jacques-Henri Bernardin de Saint-Pierre, n\u00e9 le 19 janvier 1737 au Havre, de Nicolas Saint-Pierre et Catherine Godebout, et mort le 21 janvier 1814 \u00e0 \u00c9ragny, est un \u00e9crivain et botaniste fran\u00e7ais. Apr\u00e8s la publication des \u00c9tudes (3 vol., 1784), l\u2019auteur, inconnu, rebut\u00e9 et indigent la veille, passe en quelques jours \u00e0 l\u2019\u00e9tat de grand homme et de favori de l\u2019opinion. Tout ce qui sort de sa plume est assur\u00e9 du succ\u00e8s ; des pages comme celles de Paul et Virginie (1788) ne rencontrent pas, \u00e0 leurs d\u00e9buts, l\u2019accueil esp\u00e9r\u00e9 et, sans l\u2019intervention du peintre Vernet, il les aurait certainement d\u00e9truites. Paul et Virginie est un xemple paradigmatique du roman de la fin du XVIIIe si\u00e8cle, il connut un immense succ\u00e8s qui d\u00e9passa les fronti\u00e8res. Paul et Virginie d\u00e9crit l&#8217;histoire de deux enfants vivant sur l&#8217;\u00eele de France (d\u00e9sormais \u00cele Maurice). Issus de deux familles diff\u00e9rentes, Paul et Virginie sont \u00e9lev\u00e9s en commun comme fr\u00e8re et s\u0153ur, dans la splendeur naturelle des paysages tropicaux. Extrait : Vous autres Europ\u00e9ens, dont l&#8217;esprit se remplit d\u00e8s l&#8217;enfance de tant de pr\u00e9jug\u00e9s contraires au bonheur, vous ne pouvez concevoir que la nature puisse donner tant de lumi\u00e8res et de plaisirs. Votre \u00e2me, circonscrite dans une petite sph\u00e8re de connaissances humaines, atteint bient\u00f4t le terme de ses jouissances artificielles : mais la nature et le c\u0153ur sont in\u00e9puisables. Paul et Virginie n&#8217;avaient ni horloges, ni almanachs, ni livres de chronologie, d&#8217;histoire, et de philosophie. Les p\u00e9riodes de leur vie se r\u00e9glaient sur celles de la nature. Ils connaissaient les heures du jour par l&#8217;ombre des arbres ; les saisons, par les temps o\u00f9 ils donnent leurs fleurs ou leurs fruits ; et les ann\u00e9es, par le nombre de leurs r\u00e9coltes. Ces douces images r\u00e9pandaient les plus grands charmes dans leurs conversations. \u00ab Il est temps de d\u00eener, disait Virginie \u00e0 la famille, les ombres des bananiers sont \u00e0 leurs pieds \u00bb ; ou bien : \u00ab La nuit s&#8217;approche, les tamarins ferment leurs feuilles. \u00bb<\/p>","protected":false},"excerpt":{"rendered":"<p>Bernardin de Saint-Pierre<\/p>","protected":false},"featured_media":71971,"comment_status":"open","ping_status":"closed","template":"","meta":{"_acf_changed":false,"_uag_custom_page_level_css":"","site-sidebar-layout":"default","site-content-layout":"","ast-site-content-layout":"default","site-content-style":"default","site-sidebar-style":"default","ast-global-header-display":"","ast-banner-title-visibility":"","ast-main-header-display":"","ast-hfb-above-header-display":"","ast-hfb-below-header-display":"","ast-hfb-mobile-header-display":"","site-post-title":"","ast-breadcrumbs-content":"","ast-featured-img":"","footer-sml-layout":"","theme-transparent-header-meta":"","adv-header-id-meta":"","stick-header-meta":"","header-above-stick-meta":"","header-main-stick-meta":"","header-below-stick-meta":"","astra-migrate-meta-layouts":"default","ast-page-background-enabled":"default","ast-page-background-meta":{"desktop":{"background-color":"","background-image":"","background-repeat":"repeat","background-position":"center center","background-size":"auto","background-attachment":"scroll","background-type":"","background-media":"","overlay-type":"","overlay-color":"","overlay-opacity":"","overlay-gradient":""},"tablet":{"background-color":"","background-image":"","background-repeat":"repeat","background-position":"center center","background-size":"auto","background-attachment":"scroll","background-type":"","background-media":"","overlay-type":"","overlay-color":"","overlay-opacity":"","overlay-gradient":""},"mobile":{"background-color":"","background-image":"","background-repeat":"repeat","background-position":"center center","background-size":"auto","background-attachment":"scroll","background-type":"","background-media":"","overlay-type":"","overlay-color":"","overlay-opacity":"","overlay-gradient":""}},"ast-content-background-meta":{"desktop":{"background-color":"var(--ast-global-color-5)","background-image":"","background-repeat":"repeat","background-position":"center center","background-size":"auto","background-attachment":"scroll","background-type":"","background-media":"","overlay-type":"","overlay-color":"","overlay-opacity":"","overlay-gradient":""},"tablet":{"background-color":"var(--ast-global-color-5)","background-image":"","background-repeat":"repeat","background-position":"center center","background-size":"auto","background-attachment":"scroll","background-type":"","background-media":"","overlay-type":"","overlay-color":"","overlay-opacity":"","overlay-gradient":""},"mobile":{"background-color":"var(--ast-global-color-5)","background-image":"","background-repeat":"repeat","background-position":"center center","background-size":"auto","background-attachment":"scroll","background-type":"","background-media":"","overlay-type":"","overlay-color":"","overlay-opacity":"","overlay-gradient":""}}},"product_brand":[],"product_cat":[2385,1937,2242,2240,1947],"product_tag":[],"class_list":{"0":"post-72113","1":"product","2":"type-product","3":"status-publish","4":"has-post-thumbnail","6":"product_cat-classics-2","7":"product_cat-fiction","8":"product_cat-literature","9":"product_cat-novels","10":"product_cat-romance","11":"desktop-align-left","12":"tablet-align-left","13":"mobile-align-left","15":"first","16":"instock","17":"featured","18":"sold-individually","19":"shipping-taxable","20":"purchasable","21":"product-type-simple"},"acf":[],"uagb_featured_image_src":{"full":["https:\/\/book-berries.com\/wp-content\/uploads\/2026\/02\/Paul-Et-Virgine.png",1728,2160,false],"thumbnail":["https:\/\/book-berries.com\/wp-content\/uploads\/2026\/02\/Paul-Et-Virgine-150x150.png",150,150,true],"medium":["https:\/\/book-berries.com\/wp-content\/uploads\/2026\/02\/Paul-Et-Virgine-240x300.png",240,300,true],"medium_large":["https:\/\/book-berries.com\/wp-content\/uploads\/2026\/02\/Paul-Et-Virgine-768x960.png",768,960,true],"large":["https:\/\/book-berries.com\/wp-content\/uploads\/2026\/02\/Paul-Et-Virgine-819x1024.png",819,1024,true],"1536x1536":["https:\/\/book-berries.com\/wp-content\/uploads\/2026\/02\/Paul-Et-Virgine-1229x1536.png",1229,1536,true],"2048x2048":["https:\/\/book-berries.com\/wp-content\/uploads\/2026\/02\/Paul-Et-Virgine-1638x2048.png",1638,2048,true],"trp-custom-language-flag":["https:\/\/book-berries.com\/wp-content\/uploads\/2026\/02\/Paul-Et-Virgine-10x12.png",10,12,true],"woocommerce_thumbnail":["https:\/\/book-berries.com\/wp-content\/uploads\/2026\/02\/Paul-Et-Virgine-300x300.png",300,300,true],"woocommerce_single":["https:\/\/book-berries.com\/wp-content\/uploads\/2026\/02\/Paul-Et-Virgine-600x750.png",600,750,true],"woocommerce_gallery_thumbnail":["https:\/\/book-berries.com\/wp-content\/uploads\/2026\/02\/Paul-Et-Virgine-100x100.png",100,100,true],"dgwt-wcas-product-suggestion":["https:\/\/book-berries.com\/wp-content\/uploads\/2026\/02\/Paul-Et-Virgine-64x80.png",64,80,true]},"uagb_author_info":{"display_name":"bookberrieslb@gmail.com","author_link":"https:\/\/book-berries.com\/ar\/author\/"},"uagb_comment_info":0,"uagb_excerpt":"Bernardin de Saint-Pierre","jetpack_likes_enabled":true,"jetpack_sharing_enabled":true,"_links":{"self":[{"href":"https:\/\/book-berries.com\/ar\/wp-json\/wp\/v2\/product\/72113","targetHints":{"allow":["GET"]}}],"collection":[{"href":"https:\/\/book-berries.com\/ar\/wp-json\/wp\/v2\/product"}],"about":[{"href":"https:\/\/book-berries.com\/ar\/wp-json\/wp\/v2\/types\/product"}],"replies":[{"embeddable":true,"href":"https:\/\/book-berries.com\/ar\/wp-json\/wp\/v2\/comments?post=72113"}],"wp:featuredmedia":[{"embeddable":true,"href":"https:\/\/book-berries.com\/ar\/wp-json\/wp\/v2\/media\/71971"}],"wp:attachment":[{"href":"https:\/\/book-berries.com\/ar\/wp-json\/wp\/v2\/media?parent=72113"}],"wp:term":[{"taxonomy":"product_brand","embeddable":true,"href":"https:\/\/book-berries.com\/ar\/wp-json\/wp\/v2\/product_brand?post=72113"},{"taxonomy":"product_cat","embeddable":true,"href":"https:\/\/book-berries.com\/ar\/wp-json\/wp\/v2\/product_cat?post=72113"},{"taxonomy":"product_tag","embeddable":true,"href":"https:\/\/book-berries.com\/ar\/wp-json\/wp\/v2\/product_tag?post=72113"}],"curies":[{"name":"wp","href":"https:\/\/api.w.org\/{rel}","templated":true}]}}