{"id":78759,"date":"2026-04-22T15:03:41","date_gmt":"2026-04-22T12:03:41","guid":{"rendered":"https:\/\/book-berries.com\/product\/la-felure\/"},"modified":"2026-04-22T15:03:41","modified_gmt":"2026-04-22T12:03:41","slug":"la-felure","status":"publish","type":"product","link":"https:\/\/book-berries.com\/ar\/product\/la-felure\/","title":{"rendered":"La f\u00ealure"},"content":{"rendered":"<p>En chacun de nous une f\u00ealure passe, elle menace l&#8217;ensemble, l&#8217;organise, elle est notre chance et notre p\u00e9ril le plus haut. C&#8217;est sur cette conviction que j&#8217;ai con\u00e7u ce livre, comme une enqu\u00eate vivante, litt\u00e9raire, incarn\u00e9e, sur les petites et les grandes trag\u00e9dies de notre sort partag\u00e9, et qui sont sans doute le lieu \u00e0 partir duquel nous pensons et aimons avec la plus grande intensit\u00e9. C&#8217;est aussi le lieu o\u00f9 nous risquons de casser, de nous d\u00e9truire, de perdre, d&#8217;ab\u00eemer les autres, de nous g\u00e2cher mais o\u00f9 nous sommes capables de d\u00e9placer notre identit\u00e9 et de r\u00e9inventer notre existence. Il y a des effondrements visibles et spectaculaires, et des craquelures minuscules en surface, dont on ne prend conscience qu&#8217;apr\u00e8s, une fois qu&#8217;on est bris\u00e9.<\/p>\n<p>Ce livre n&#8217;est pas un trait\u00e9, ni un r\u00e9cit, encore moins une confession. Il faudrait plut\u00f4t le voir comme une travers\u00e9e, une s\u00e9rie de variations sur un m\u00eame th\u00e8me, \u00e0 partir d&#8217;une c\u00e9l\u00e8bre nouvelle de Fitzgerald et \u00e0 travers les \u0153uvres des \u00e9crivaines Ingeborg Bachmann, Colette ou Marguerite Duras, de la po\u00e9tesse Anna Akhmatova, du navigateur Bernard Moitessier ou du chanteur J. J. Cale, et bien d&#8217;autres. La chanson de nos vies o\u00f9 se rejoue sans cesse une id\u00e9e fixe : quelque chose de nous est cass\u00e9 ; tant mieux.<\/p>","protected":false},"excerpt":{"rendered":"<p>Charlotte Casiraghi<\/p>","protected":false},"featured_media":78712,"comment_status":"open","ping_status":"closed","template":"","meta":{"_acf_changed":false,"_uag_custom_page_level_css":"","site-sidebar-layout":"default","site-content-layout":"","ast-site-content-layout":"default","site-content-style":"default","site-sidebar-style":"default","ast-global-header-display":"","ast-banner-title-visibility":"","ast-main-header-display":"","ast-hfb-above-header-display":"","ast-hfb-below-header-display":"","ast-hfb-mobile-header-display":"","site-post-title":"","ast-breadcrumbs-content":"","ast-featured-img":"","footer-sml-layout":"","ast-disable-related-posts":"","theme-transparent-header-meta":"","adv-header-id-meta":"","stick-header-meta":"","header-above-stick-meta":"","header-main-stick-meta":"","header-below-stick-meta":"","astra-migrate-meta-layouts":"default","ast-page-background-enabled":"default","ast-page-background-meta":{"desktop":{"background-color":"","background-image":"","background-repeat":"repeat","background-position":"center center","background-size":"auto","background-attachment":"scroll","background-type":"","background-media":"","overlay-type":"","overlay-color":"","overlay-opacity":"","overlay-gradient":""},"tablet":{"background-color":"","background-image":"","background-repeat":"repeat","background-position":"center center","background-size":"auto","background-attachment":"scroll","background-type":"","background-media":"","overlay-type":"","overlay-color":"","overlay-opacity":"","overlay-gradient":""},"mobile":{"background-color":"","background-image":"","background-repeat":"repeat","background-position":"center center","background-size":"auto","background-attachment":"scroll","background-type":"","background-media":"","overlay-type":"","overlay-color":"","overlay-opacity":"","overlay-gradient":""}},"ast-content-background-meta":{"desktop":{"background-color":"var(--ast-global-color-5)","background-image":"","background-repeat":"repeat","background-position":"center center","background-size":"auto","background-attachment":"scroll","background-type":"","background-media":"","overlay-type":"","overlay-color":"","overlay-opacity":"","overlay-gradient":""},"tablet":{"background-color":"var(--ast-global-color-5)","background-image":"","background-repeat":"repeat","background-position":"center center","background-size":"auto","background-attachment":"scroll","background-type":"","background-media":"","overlay-type":"","overlay-color":"","overlay-opacity":"","overlay-gradient":""},"mobile":{"background-color":"var(--ast-global-color-5)","background-image":"","background-repeat":"repeat","background-position":"center center","background-size":"auto","background-attachment":"scroll","background-type":"","background-media":"","overlay-type":"","overlay-color":"","overlay-opacity":"","overlay-gradient":""}}},"product_brand":[],"product_cat":[2042,1955],"product_tag":[],"class_list":{"0":"post-78759","1":"product","2":"type-product","3":"status-publish","4":"has-post-thumbnail","6":"product_cat-contemporary","7":"product_cat-nonfiction","8":"desktop-align-left","9":"tablet-align-left","10":"mobile-align-left","12":"first","13":"instock","14":"featured","15":"sold-individually","16":"shipping-taxable","17":"purchasable","18":"product-type-simple"},"acf":[],"uagb_featured_image_src":{"full":["https:\/\/book-berries.com\/wp-content\/uploads\/2026\/04\/memoirbiog.png",1890,2363,false],"thumbnail":["https:\/\/book-berries.com\/wp-content\/uploads\/2026\/04\/memoirbiog-150x150.png",150,150,true],"medium":["https:\/\/book-berries.com\/wp-content\/uploads\/2026\/04\/memoirbiog-240x300.png",240,300,true],"medium_large":["https:\/\/book-berries.com\/wp-content\/uploads\/2026\/04\/memoirbiog-768x960.png",768,960,true],"large":["https:\/\/book-berries.com\/wp-content\/uploads\/2026\/04\/memoirbiog-819x1024.png",819,1024,true],"1536x1536":["https:\/\/book-berries.com\/wp-content\/uploads\/2026\/04\/memoirbiog-1229x1536.png",1229,1536,true],"2048x2048":["https:\/\/book-berries.com\/wp-content\/uploads\/2026\/04\/memoirbiog-1638x2048.png",1638,2048,true],"trp-custom-language-flag":["https:\/\/book-berries.com\/wp-content\/uploads\/2026\/04\/memoirbiog-10x12.png",10,12,true],"woocommerce_thumbnail":["https:\/\/book-berries.com\/wp-content\/uploads\/2026\/04\/memoirbiog-300x300.png",300,300,true],"woocommerce_single":["https:\/\/book-berries.com\/wp-content\/uploads\/2026\/04\/memoirbiog-600x750.png",600,750,true],"woocommerce_gallery_thumbnail":["https:\/\/book-berries.com\/wp-content\/uploads\/2026\/04\/memoirbiog-100x100.png",100,100,true],"dgwt-wcas-product-suggestion":["https:\/\/book-berries.com\/wp-content\/uploads\/2026\/04\/memoirbiog-64x80.png",64,80,true]},"uagb_author_info":{"display_name":"bookberrieslb@gmail.com","author_link":"https:\/\/book-berries.com\/ar\/author\/"},"uagb_comment_info":0,"uagb_excerpt":"Charlotte Casiraghi","jetpack_likes_enabled":true,"jetpack_sharing_enabled":true,"_links":{"self":[{"href":"https:\/\/book-berries.com\/ar\/wp-json\/wp\/v2\/product\/78759","targetHints":{"allow":["GET"]}}],"collection":[{"href":"https:\/\/book-berries.com\/ar\/wp-json\/wp\/v2\/product"}],"about":[{"href":"https:\/\/book-berries.com\/ar\/wp-json\/wp\/v2\/types\/product"}],"replies":[{"embeddable":true,"href":"https:\/\/book-berries.com\/ar\/wp-json\/wp\/v2\/comments?post=78759"}],"wp:featuredmedia":[{"embeddable":true,"href":"https:\/\/book-berries.com\/ar\/wp-json\/wp\/v2\/media\/78712"}],"wp:attachment":[{"href":"https:\/\/book-berries.com\/ar\/wp-json\/wp\/v2\/media?parent=78759"}],"wp:term":[{"taxonomy":"product_brand","embeddable":true,"href":"https:\/\/book-berries.com\/ar\/wp-json\/wp\/v2\/product_brand?post=78759"},{"taxonomy":"product_cat","embeddable":true,"href":"https:\/\/book-berries.com\/ar\/wp-json\/wp\/v2\/product_cat?post=78759"},{"taxonomy":"product_tag","embeddable":true,"href":"https:\/\/book-berries.com\/ar\/wp-json\/wp\/v2\/product_tag?post=78759"}],"curies":[{"name":"wp","href":"https:\/\/api.w.org\/{rel}","templated":true}]}}