{"id":79529,"date":"2026-05-01T16:25:14","date_gmt":"2026-05-01T13:25:14","guid":{"rendered":"https:\/\/book-berries.com\/product\/le-tour-du-monde-en-80-jours\/"},"modified":"2026-05-01T16:25:14","modified_gmt":"2026-05-01T13:25:14","slug":"le-tour-du-monde-en-80-jours","status":"publish","type":"product","link":"https:\/\/book-berries.com\/ar\/product\/le-tour-du-monde-en-80-jours\/","title":{"rendered":"Le Tour du monde en 80 jours"},"content":{"rendered":"<p>Jules Verne aimait le grand spectacle, ses effets de sc\u00e8ne et ses coups de th\u00e9\u00e2tre. Et certains de ses livres, Le Tour du monde en 80 jours notamment, sont con\u00e7us comme des machines th\u00e9\u00e2trales. Tout y est calibr\u00e9, ajust\u00e9 pour tenir le lecteur en haleine, l&#8217;\u00e9tonner, le distraire ou le prendre \u00e0 contre-pied. On est en pleine esth\u00e9tique romantique, celle de Dumas en particulier, avec qui Verne collabora un temps. Mais le Tour du monde c&#8217;est aussi l&#8217;av\u00e8nement du monde industriel, le culte de la machine, de l&#8217;efficacit\u00e9, le pointage horaire \u00e9tendu \u00e0 une \u00e9chelle universelle. Culte port\u00e9 jusqu&#8217;\u00e0 l&#8217;outrance, avec un humour f\u00e9roce, une ironie mordante : Verne n&#8217;est pas dupe. Et s&#8217;il agite ses personnages comme des marionnettes prises de fr\u00e9n\u00e9sie, c&#8217;est pour, en sourdine, articuler un discours de r\u00e9volte : Phil\u00e9as Fogg n&#8217;est pas si loin de N\u00e9mo l&#8217;anarchiste, nouveau Faust moderne, et ce texte \u00e9blouissant cache bien des profondeurs. &#8211;Scarbo<\/p>","protected":false},"excerpt":{"rendered":"<p>Jules Verne<\/p>","protected":false},"featured_media":79516,"comment_status":"open","ping_status":"closed","template":"","meta":{"_acf_changed":false,"_uag_custom_page_level_css":"","site-sidebar-layout":"default","site-content-layout":"","ast-site-content-layout":"default","site-content-style":"default","site-sidebar-style":"default","ast-global-header-display":"","ast-banner-title-visibility":"","ast-main-header-display":"","ast-hfb-above-header-display":"","ast-hfb-below-header-display":"","ast-hfb-mobile-header-display":"","site-post-title":"","ast-breadcrumbs-content":"","ast-featured-img":"","footer-sml-layout":"","ast-disable-related-posts":"","theme-transparent-header-meta":"","adv-header-id-meta":"","stick-header-meta":"","header-above-stick-meta":"","header-main-stick-meta":"","header-below-stick-meta":"","astra-migrate-meta-layouts":"default","ast-page-background-enabled":"default","ast-page-background-meta":{"desktop":{"background-color":"","background-image":"","background-repeat":"repeat","background-position":"center center","background-size":"auto","background-attachment":"scroll","background-type":"","background-media":"","overlay-type":"","overlay-color":"","overlay-opacity":"","overlay-gradient":""},"tablet":{"background-color":"","background-image":"","background-repeat":"repeat","background-position":"center center","background-size":"auto","background-attachment":"scroll","background-type":"","background-media":"","overlay-type":"","overlay-color":"","overlay-opacity":"","overlay-gradient":""},"mobile":{"background-color":"","background-image":"","background-repeat":"repeat","background-position":"center center","background-size":"auto","background-attachment":"scroll","background-type":"","background-media":"","overlay-type":"","overlay-color":"","overlay-opacity":"","overlay-gradient":""}},"ast-content-background-meta":{"desktop":{"background-color":"var(--ast-global-color-5)","background-image":"","background-repeat":"repeat","background-position":"center center","background-size":"auto","background-attachment":"scroll","background-type":"","background-media":"","overlay-type":"","overlay-color":"","overlay-opacity":"","overlay-gradient":""},"tablet":{"background-color":"var(--ast-global-color-5)","background-image":"","background-repeat":"repeat","background-position":"center center","background-size":"auto","background-attachment":"scroll","background-type":"","background-media":"","overlay-type":"","overlay-color":"","overlay-opacity":"","overlay-gradient":""},"mobile":{"background-color":"var(--ast-global-color-5)","background-image":"","background-repeat":"repeat","background-position":"center center","background-size":"auto","background-attachment":"scroll","background-type":"","background-media":"","overlay-type":"","overlay-color":"","overlay-opacity":"","overlay-gradient":""}}},"product_brand":[],"product_cat":[1944,2414,1937,2382,2262,2033,2294],"product_tag":[],"class_list":{"0":"post-79529","1":"product","2":"type-product","3":"status-publish","4":"has-post-thumbnail","6":"product_cat-adventure","7":"product_cat-classics-3","8":"product_cat-fiction","9":"product_cat-france","10":"product_cat-french","11":"product_cat-science-fiction","12":"product_cat-travel","13":"desktop-align-left","14":"tablet-align-left","15":"mobile-align-left","17":"first","18":"instock","19":"featured","20":"sold-individually","21":"shipping-taxable","22":"purchasable","23":"product-type-simple"},"acf":[],"uagb_featured_image_src":{"full":["https:\/\/book-berries.com\/wp-content\/uploads\/2026\/05\/CLASSICS-1.png",1890,2363,false],"thumbnail":["https:\/\/book-berries.com\/wp-content\/uploads\/2026\/05\/CLASSICS-1-150x150.png",150,150,true],"medium":["https:\/\/book-berries.com\/wp-content\/uploads\/2026\/05\/CLASSICS-1-240x300.png",240,300,true],"medium_large":["https:\/\/book-berries.com\/wp-content\/uploads\/2026\/05\/CLASSICS-1-768x960.png",768,960,true],"large":["https:\/\/book-berries.com\/wp-content\/uploads\/2026\/05\/CLASSICS-1-819x1024.png",819,1024,true],"1536x1536":["https:\/\/book-berries.com\/wp-content\/uploads\/2026\/05\/CLASSICS-1-1229x1536.png",1229,1536,true],"2048x2048":["https:\/\/book-berries.com\/wp-content\/uploads\/2026\/05\/CLASSICS-1-1638x2048.png",1638,2048,true],"trp-custom-language-flag":["https:\/\/book-berries.com\/wp-content\/uploads\/2026\/05\/CLASSICS-1-10x12.png",10,12,true],"woocommerce_thumbnail":["https:\/\/book-berries.com\/wp-content\/uploads\/2026\/05\/CLASSICS-1-300x300.png",300,300,true],"woocommerce_single":["https:\/\/book-berries.com\/wp-content\/uploads\/2026\/05\/CLASSICS-1-600x750.png",600,750,true],"woocommerce_gallery_thumbnail":["https:\/\/book-berries.com\/wp-content\/uploads\/2026\/05\/CLASSICS-1-100x100.png",100,100,true],"dgwt-wcas-product-suggestion":["https:\/\/book-berries.com\/wp-content\/uploads\/2026\/05\/CLASSICS-1-64x80.png",64,80,true]},"uagb_author_info":{"display_name":"bookberrieslb@gmail.com","author_link":"https:\/\/book-berries.com\/ar\/author\/"},"uagb_comment_info":0,"uagb_excerpt":"Jules Verne","jetpack_likes_enabled":true,"jetpack_sharing_enabled":true,"_links":{"self":[{"href":"https:\/\/book-berries.com\/ar\/wp-json\/wp\/v2\/product\/79529","targetHints":{"allow":["GET"]}}],"collection":[{"href":"https:\/\/book-berries.com\/ar\/wp-json\/wp\/v2\/product"}],"about":[{"href":"https:\/\/book-berries.com\/ar\/wp-json\/wp\/v2\/types\/product"}],"replies":[{"embeddable":true,"href":"https:\/\/book-berries.com\/ar\/wp-json\/wp\/v2\/comments?post=79529"}],"wp:featuredmedia":[{"embeddable":true,"href":"https:\/\/book-berries.com\/ar\/wp-json\/wp\/v2\/media\/79516"}],"wp:attachment":[{"href":"https:\/\/book-berries.com\/ar\/wp-json\/wp\/v2\/media?parent=79529"}],"wp:term":[{"taxonomy":"product_brand","embeddable":true,"href":"https:\/\/book-berries.com\/ar\/wp-json\/wp\/v2\/product_brand?post=79529"},{"taxonomy":"product_cat","embeddable":true,"href":"https:\/\/book-berries.com\/ar\/wp-json\/wp\/v2\/product_cat?post=79529"},{"taxonomy":"product_tag","embeddable":true,"href":"https:\/\/book-berries.com\/ar\/wp-json\/wp\/v2\/product_tag?post=79529"}],"curies":[{"name":"wp","href":"https:\/\/api.w.org\/{rel}","templated":true}]}}