{"id":79537,"date":"2026-05-01T16:25:15","date_gmt":"2026-05-01T13:25:15","guid":{"rendered":"https:\/\/book-berries.com\/product\/jamais-sans-ma-fille\/"},"modified":"2026-05-01T16:25:15","modified_gmt":"2026-05-01T13:25:15","slug":"jamais-sans-ma-fille","status":"publish","type":"product","link":"https:\/\/book-berries.com\/ar\/product\/jamais-sans-ma-fille\/","title":{"rendered":"Jamais sans ma fille"},"content":{"rendered":"<p>3 ao\u00fbt 1984&#8230; Dans l&#8217;avion qui l&#8217;emm\u00e8ne \u00e0 T\u00e9h\u00e9ran avec son mari, d&#8217;origine iranienne, et sa fille, pour quinze jours de vacances, Betty a le sentiment d&#8217;avoir commis une erreur irr\u00e9parable\u2026 Quelques jours plus tard, son existence bascule le cauchemar. Le verdict tombe -&#8220;Tu ne quitteras jamais l&#8217;Iran! Tu y resteras jusqu\u2019\u00e0 ta mort. En proie au pouvoir insondable du fanatisme religieux, son mari se transforme en ge\u00f4lier. Elle n&#8217;a d\u00e9sormais qu&#8217;un objectif: rentrer chez elle, aux Etats-Unis, avec sa fille. Quitter ce pays d\u00e9chir\u00e9 par la guerre et les outrances archa\u00efques: ce monde incoh\u00e9rent o\u00f9 la femme n&#8217;existe pas. Pour reconqu\u00e9rir sa libert\u00e9, Betty m\u00e8nent deux ans de lutte incessante. Humiliations, s\u00e9questration, chantage, violences physiques et morales. Rien ne lui sera \u00e9pargn\u00e9.<\/p>","protected":false},"excerpt":{"rendered":"<p>Not Without My Daughter #1<\/p>","protected":false},"featured_media":79524,"comment_status":"open","ping_status":"closed","template":"","meta":{"_acf_changed":false,"_uag_custom_page_level_css":"","site-sidebar-layout":"default","site-content-layout":"","ast-site-content-layout":"default","site-content-style":"default","site-sidebar-style":"default","ast-global-header-display":"","ast-banner-title-visibility":"","ast-main-header-display":"","ast-hfb-above-header-display":"","ast-hfb-below-header-display":"","ast-hfb-mobile-header-display":"","site-post-title":"","ast-breadcrumbs-content":"","ast-featured-img":"","footer-sml-layout":"","ast-disable-related-posts":"","theme-transparent-header-meta":"","adv-header-id-meta":"","stick-header-meta":"","header-above-stick-meta":"","header-main-stick-meta":"","header-below-stick-meta":"","astra-migrate-meta-layouts":"default","ast-page-background-enabled":"default","ast-page-background-meta":{"desktop":{"background-color":"","background-image":"","background-repeat":"repeat","background-position":"center center","background-size":"auto","background-attachment":"scroll","background-type":"","background-media":"","overlay-type":"","overlay-color":"","overlay-opacity":"","overlay-gradient":""},"tablet":{"background-color":"","background-image":"","background-repeat":"repeat","background-position":"center center","background-size":"auto","background-attachment":"scroll","background-type":"","background-media":"","overlay-type":"","overlay-color":"","overlay-opacity":"","overlay-gradient":""},"mobile":{"background-color":"","background-image":"","background-repeat":"repeat","background-position":"center center","background-size":"auto","background-attachment":"scroll","background-type":"","background-media":"","overlay-type":"","overlay-color":"","overlay-opacity":"","overlay-gradient":""}},"ast-content-background-meta":{"desktop":{"background-color":"var(--ast-global-color-5)","background-image":"","background-repeat":"repeat","background-position":"center center","background-size":"auto","background-attachment":"scroll","background-type":"","background-media":"","overlay-type":"","overlay-color":"","overlay-opacity":"","overlay-gradient":""},"tablet":{"background-color":"var(--ast-global-color-5)","background-image":"","background-repeat":"repeat","background-position":"center center","background-size":"auto","background-attachment":"scroll","background-type":"","background-media":"","overlay-type":"","overlay-color":"","overlay-opacity":"","overlay-gradient":""},"mobile":{"background-color":"var(--ast-global-color-5)","background-image":"","background-repeat":"repeat","background-position":"center center","background-size":"auto","background-attachment":"scroll","background-type":"","background-media":"","overlay-type":"","overlay-color":"","overlay-opacity":"","overlay-gradient":""}}},"product_brand":[],"product_cat":[1888,2038,2431,2247,2419,1955],"product_tag":[],"class_list":{"0":"post-79537","1":"product","2":"type-product","3":"status-publish","4":"has-post-thumbnail","6":"product_cat-auto-biography","7":"product_cat-biography","8":"product_cat-iran","9":"product_cat-memoir","10":"product_cat-middle-east","11":"product_cat-nonfiction","12":"desktop-align-left","13":"tablet-align-left","14":"mobile-align-left","16":"first","17":"instock","18":"featured","19":"sold-individually","20":"shipping-taxable","21":"purchasable","22":"product-type-simple"},"acf":[],"uagb_featured_image_src":{"full":["https:\/\/book-berries.com\/wp-content\/uploads\/2026\/05\/memoirbiog.png",1890,2363,false],"thumbnail":["https:\/\/book-berries.com\/wp-content\/uploads\/2026\/05\/memoirbiog-150x150.png",150,150,true],"medium":["https:\/\/book-berries.com\/wp-content\/uploads\/2026\/05\/memoirbiog-240x300.png",240,300,true],"medium_large":["https:\/\/book-berries.com\/wp-content\/uploads\/2026\/05\/memoirbiog-768x960.png",768,960,true],"large":["https:\/\/book-berries.com\/wp-content\/uploads\/2026\/05\/memoirbiog-819x1024.png",819,1024,true],"1536x1536":["https:\/\/book-berries.com\/wp-content\/uploads\/2026\/05\/memoirbiog-1229x1536.png",1229,1536,true],"2048x2048":["https:\/\/book-berries.com\/wp-content\/uploads\/2026\/05\/memoirbiog-1638x2048.png",1638,2048,true],"trp-custom-language-flag":["https:\/\/book-berries.com\/wp-content\/uploads\/2026\/05\/memoirbiog-10x12.png",10,12,true],"woocommerce_thumbnail":["https:\/\/book-berries.com\/wp-content\/uploads\/2026\/05\/memoirbiog-300x300.png",300,300,true],"woocommerce_single":["https:\/\/book-berries.com\/wp-content\/uploads\/2026\/05\/memoirbiog-600x750.png",600,750,true],"woocommerce_gallery_thumbnail":["https:\/\/book-berries.com\/wp-content\/uploads\/2026\/05\/memoirbiog-100x100.png",100,100,true],"dgwt-wcas-product-suggestion":["https:\/\/book-berries.com\/wp-content\/uploads\/2026\/05\/memoirbiog-64x80.png",64,80,true]},"uagb_author_info":{"display_name":"bookberrieslb@gmail.com","author_link":"https:\/\/book-berries.com\/ar\/author\/"},"uagb_comment_info":0,"uagb_excerpt":"Not Without My Daughter #1","jetpack_likes_enabled":true,"jetpack_sharing_enabled":true,"_links":{"self":[{"href":"https:\/\/book-berries.com\/ar\/wp-json\/wp\/v2\/product\/79537","targetHints":{"allow":["GET"]}}],"collection":[{"href":"https:\/\/book-berries.com\/ar\/wp-json\/wp\/v2\/product"}],"about":[{"href":"https:\/\/book-berries.com\/ar\/wp-json\/wp\/v2\/types\/product"}],"replies":[{"embeddable":true,"href":"https:\/\/book-berries.com\/ar\/wp-json\/wp\/v2\/comments?post=79537"}],"wp:featuredmedia":[{"embeddable":true,"href":"https:\/\/book-berries.com\/ar\/wp-json\/wp\/v2\/media\/79524"}],"wp:attachment":[{"href":"https:\/\/book-berries.com\/ar\/wp-json\/wp\/v2\/media?parent=79537"}],"wp:term":[{"taxonomy":"product_brand","embeddable":true,"href":"https:\/\/book-berries.com\/ar\/wp-json\/wp\/v2\/product_brand?post=79537"},{"taxonomy":"product_cat","embeddable":true,"href":"https:\/\/book-berries.com\/ar\/wp-json\/wp\/v2\/product_cat?post=79537"},{"taxonomy":"product_tag","embeddable":true,"href":"https:\/\/book-berries.com\/ar\/wp-json\/wp\/v2\/product_tag?post=79537"}],"curies":[{"name":"wp","href":"https:\/\/api.w.org\/{rel}","templated":true}]}}