{"id":80317,"date":"2026-05-08T17:44:18","date_gmt":"2026-05-08T14:44:18","guid":{"rendered":"https:\/\/book-berries.com\/product\/le-livre-du-rire-et-de-loubli\/"},"modified":"2026-05-08T17:44:18","modified_gmt":"2026-05-08T14:44:18","slug":"le-livre-du-rire-et-de-loubli","status":"publish","type":"product","link":"https:\/\/book-berries.com\/ar\/product\/le-livre-du-rire-et-de-loubli\/","title":{"rendered":"Le livre du rire et de l&#8217;oubli"},"content":{"rendered":"<p>\u00abTout ce livre est un roman en forme de variations. Les diff\u00e9rentes parties se suivent comme les diff\u00e9rentes \u00e9tapes d&#8217;un voyage qui conduit \u00e0 l&#8217;int\u00e9rieur d&#8217;un th\u00e8me, \u00e0 l&#8217;int\u00e9rieur d&#8217;une pens\u00e9e, \u00e0 l&#8217;int\u00e9rieur d&#8217;une seule et unique situation dont la compr\u00e9hension se perd pour moi dans l&#8217;immensit\u00e9.<br \/>\nC&#8217;est un roman sur Tamina et, \u00e0 l&#8217;instant o\u00f9 Tamina sort de la sc\u00e8ne, c&#8217;est un roman pour Tamina. Elle est le principal personnage et le principal auditeur et toutes les autres histoires sont une variation sur sa propre histoire et se rejoignent dans sa vie comme dans un miroir.<br \/>\nC&#8217;est un roman sur le rire et sur l&#8217;oubli, sur l&#8217;oubli et sur Prague, sur Prague et sur les anges.\u00bb<\/p>","protected":false},"excerpt":{"rendered":"<p>Milan Kundera<\/p>","protected":false},"featured_media":80276,"comment_status":"open","ping_status":"closed","template":"","meta":{"_acf_changed":false,"_uag_custom_page_level_css":"","site-sidebar-layout":"default","site-content-layout":"","ast-site-content-layout":"default","site-content-style":"default","site-sidebar-style":"default","ast-global-header-display":"","ast-banner-title-visibility":"","ast-main-header-display":"","ast-hfb-above-header-display":"","ast-hfb-below-header-display":"","ast-hfb-mobile-header-display":"","site-post-title":"","ast-breadcrumbs-content":"","ast-featured-img":"","footer-sml-layout":"","ast-disable-related-posts":"","theme-transparent-header-meta":"","adv-header-id-meta":"","stick-header-meta":"","header-above-stick-meta":"","header-main-stick-meta":"","header-below-stick-meta":"","astra-migrate-meta-layouts":"default","ast-page-background-enabled":"default","ast-page-background-meta":{"desktop":{"background-color":"","background-image":"","background-repeat":"repeat","background-position":"center center","background-size":"auto","background-attachment":"scroll","background-type":"","background-media":"","overlay-type":"","overlay-color":"","overlay-opacity":"","overlay-gradient":""},"tablet":{"background-color":"","background-image":"","background-repeat":"repeat","background-position":"center center","background-size":"auto","background-attachment":"scroll","background-type":"","background-media":"","overlay-type":"","overlay-color":"","overlay-opacity":"","overlay-gradient":""},"mobile":{"background-color":"","background-image":"","background-repeat":"repeat","background-position":"center center","background-size":"auto","background-attachment":"scroll","background-type":"","background-media":"","overlay-type":"","overlay-color":"","overlay-opacity":"","overlay-gradient":""}},"ast-content-background-meta":{"desktop":{"background-color":"var(--ast-global-color-5)","background-image":"","background-repeat":"repeat","background-position":"center center","background-size":"auto","background-attachment":"scroll","background-type":"","background-media":"","overlay-type":"","overlay-color":"","overlay-opacity":"","overlay-gradient":""},"tablet":{"background-color":"var(--ast-global-color-5)","background-image":"","background-repeat":"repeat","background-position":"center center","background-size":"auto","background-attachment":"scroll","background-type":"","background-media":"","overlay-type":"","overlay-color":"","overlay-opacity":"","overlay-gradient":""},"mobile":{"background-color":"var(--ast-global-color-5)","background-image":"","background-repeat":"repeat","background-position":"center center","background-size":"auto","background-attachment":"scroll","background-type":"","background-media":"","overlay-type":"","overlay-color":"","overlay-opacity":"","overlay-gradient":""}}},"product_brand":[],"product_cat":[2414,2472,1937,2262,2242,2240,1952,2034],"product_tag":[],"class_list":{"0":"post-80317","1":"product","2":"type-product","3":"status-publish","4":"has-post-thumbnail","6":"product_cat-classics-3","7":"product_cat-czech-literature","8":"product_cat-fiction","9":"product_cat-french","10":"product_cat-literature","11":"product_cat-novels","12":"product_cat-philosophy","13":"product_cat-short-stories","14":"desktop-align-left","15":"tablet-align-left","16":"mobile-align-left","18":"first","19":"instock","20":"featured","21":"sold-individually","22":"shipping-taxable","23":"purchasable","24":"product-type-simple"},"acf":[],"uagb_featured_image_src":{"full":["https:\/\/book-berries.com\/wp-content\/uploads\/2026\/05\/fiction-2.png",1890,2363,false],"thumbnail":["https:\/\/book-berries.com\/wp-content\/uploads\/2026\/05\/fiction-2-150x150.png",150,150,true],"medium":["https:\/\/book-berries.com\/wp-content\/uploads\/2026\/05\/fiction-2-240x300.png",240,300,true],"medium_large":["https:\/\/book-berries.com\/wp-content\/uploads\/2026\/05\/fiction-2-768x960.png",768,960,true],"large":["https:\/\/book-berries.com\/wp-content\/uploads\/2026\/05\/fiction-2-819x1024.png",819,1024,true],"1536x1536":["https:\/\/book-berries.com\/wp-content\/uploads\/2026\/05\/fiction-2-1229x1536.png",1229,1536,true],"2048x2048":["https:\/\/book-berries.com\/wp-content\/uploads\/2026\/05\/fiction-2.png",1638,2048,false],"trp-custom-language-flag":["https:\/\/book-berries.com\/wp-content\/uploads\/2026\/05\/fiction-2.png",10,12,false],"woocommerce_thumbnail":["https:\/\/book-berries.com\/wp-content\/uploads\/2026\/05\/fiction-2-300x300.png",300,300,true],"woocommerce_single":["https:\/\/book-berries.com\/wp-content\/uploads\/2026\/05\/fiction-2.png",600,750,false],"woocommerce_gallery_thumbnail":["https:\/\/book-berries.com\/wp-content\/uploads\/2026\/05\/fiction-2-100x100.png",100,100,true],"dgwt-wcas-product-suggestion":["https:\/\/book-berries.com\/wp-content\/uploads\/2026\/05\/fiction-2.png",64,80,false]},"uagb_author_info":{"display_name":"bookberrieslb@gmail.com","author_link":"https:\/\/book-berries.com\/ar\/author\/"},"uagb_comment_info":0,"uagb_excerpt":"Milan Kundera","jetpack_likes_enabled":true,"jetpack_sharing_enabled":true,"_links":{"self":[{"href":"https:\/\/book-berries.com\/ar\/wp-json\/wp\/v2\/product\/80317","targetHints":{"allow":["GET"]}}],"collection":[{"href":"https:\/\/book-berries.com\/ar\/wp-json\/wp\/v2\/product"}],"about":[{"href":"https:\/\/book-berries.com\/ar\/wp-json\/wp\/v2\/types\/product"}],"replies":[{"embeddable":true,"href":"https:\/\/book-berries.com\/ar\/wp-json\/wp\/v2\/comments?post=80317"}],"wp:featuredmedia":[{"embeddable":true,"href":"https:\/\/book-berries.com\/ar\/wp-json\/wp\/v2\/media\/80276"}],"wp:attachment":[{"href":"https:\/\/book-berries.com\/ar\/wp-json\/wp\/v2\/media?parent=80317"}],"wp:term":[{"taxonomy":"product_brand","embeddable":true,"href":"https:\/\/book-berries.com\/ar\/wp-json\/wp\/v2\/product_brand?post=80317"},{"taxonomy":"product_cat","embeddable":true,"href":"https:\/\/book-berries.com\/ar\/wp-json\/wp\/v2\/product_cat?post=80317"},{"taxonomy":"product_tag","embeddable":true,"href":"https:\/\/book-berries.com\/ar\/wp-json\/wp\/v2\/product_tag?post=80317"}],"curies":[{"name":"wp","href":"https:\/\/api.w.org\/{rel}","templated":true}]}}