{"id":80319,"date":"2026-05-08T17:44:18","date_gmt":"2026-05-08T14:44:18","guid":{"rendered":"https:\/\/book-berries.com\/product\/applications-en-therapie-familiale-systemique\/"},"modified":"2026-05-08T17:44:18","modified_gmt":"2026-05-08T14:44:18","slug":"applications-en-therapie-familiale-systemique","status":"publish","type":"product","link":"https:\/\/book-berries.com\/ar\/product\/applications-en-therapie-familiale-systemique\/","title":{"rendered":"Applications en th\u00e9rapie familiale syst\u00e9mique"},"content":{"rendered":"<p>Cet ouvrage v\u00e9ritable manuel d&#8217;exercices pratiques s&#8217;inscrit en compl\u00e9ment du livre th\u00e9orique d\u00e9j\u00e0 bien connu des m\u00eames auteurs sur la pens\u00e9e et les diff\u00e9rentes approches syst\u00e9miques.<br \/>\nCompos\u00e9e de trois parties l&#8217;individu le couple la famille cette deuxi\u00e8me \u00e9dition plus synth\u00e9tique et plus pratique met \u00e0 la disposition et \u00e0 la r\u00e9flexion des th\u00e9rapeutes des descriptions rigoureuses d&#8217;exercices de formation de proc\u00e9dures de prise de contact d&#8217;interventions et de suivis de patients .<br \/>\nDes situations concr\u00e8tes mettant en oeuvre le questionnement syst\u00e9mique dans une approche globale de la relation humaine illustrent le propos th\u00e9orique dans le respect de l&#8217;\u00e9volution des th\u00e9rapies.<br \/>\nLes techniques propos\u00e9es par les auteurs du petit th\u00e9\u00e2tre des jeux relationnels aux enregistrements vid\u00e9o des s\u00e9ances r\u00e9v\u00e8lent toujours la valeur du questionnement toile de fond d&#8217;un parcours th\u00e9rapeutique. De la &#8216; bonne question &#8216; d\u00e9pendra la qualit\u00e9 des informations recueillies mais aussi le sens l&#8217;orientation les perspectives nouvelles que le patient comme le th\u00e9rapeute verront s&#8217;y d\u00e9voiler. Installation d&#8217;un processus th\u00e9rapeutique blocage dans ce rapport supervision mise en place de formation : les situations d\u00e9crites sont vari\u00e9es. Chaque psychoth\u00e9rapeute pourra ainsi y puiser la richesse de l&#8217;exp\u00e9rience des auteurs leur largeur de pens\u00e9e leur ouverture \u00e0 de nombreux possibles sans n\u00e9gliger dans aucun cas la rigueur des proc\u00e9dures pr\u00e9sent\u00e9es afin de forger et poursuivre avec humilit\u00e9 pertinence et nuance son propre chemin. Cet ouvrage s&#8217;adresse aux psychiatres psychologues et psychoth\u00e9rapeutes.<\/p>","protected":false},"excerpt":{"rendered":"<p>Karine Albernhe<\/p>","protected":false},"featured_media":80278,"comment_status":"open","ping_status":"closed","template":"","meta":{"_acf_changed":false,"_uag_custom_page_level_css":"","site-sidebar-layout":"default","site-content-layout":"","ast-site-content-layout":"default","site-content-style":"default","site-sidebar-style":"default","ast-global-header-display":"","ast-banner-title-visibility":"","ast-main-header-display":"","ast-hfb-above-header-display":"","ast-hfb-below-header-display":"","ast-hfb-mobile-header-display":"","site-post-title":"","ast-breadcrumbs-content":"","ast-featured-img":"","footer-sml-layout":"","ast-disable-related-posts":"","theme-transparent-header-meta":"","adv-header-id-meta":"","stick-header-meta":"","header-above-stick-meta":"","header-main-stick-meta":"","header-below-stick-meta":"","astra-migrate-meta-layouts":"default","ast-page-background-enabled":"default","ast-page-background-meta":{"desktop":{"background-color":"","background-image":"","background-repeat":"repeat","background-position":"center center","background-size":"auto","background-attachment":"scroll","background-type":"","background-media":"","overlay-type":"","overlay-color":"","overlay-opacity":"","overlay-gradient":""},"tablet":{"background-color":"","background-image":"","background-repeat":"repeat","background-position":"center center","background-size":"auto","background-attachment":"scroll","background-type":"","background-media":"","overlay-type":"","overlay-color":"","overlay-opacity":"","overlay-gradient":""},"mobile":{"background-color":"","background-image":"","background-repeat":"repeat","background-position":"center center","background-size":"auto","background-attachment":"scroll","background-type":"","background-media":"","overlay-type":"","overlay-color":"","overlay-opacity":"","overlay-gradient":""}},"ast-content-background-meta":{"desktop":{"background-color":"var(--ast-global-color-5)","background-image":"","background-repeat":"repeat","background-position":"center center","background-size":"auto","background-attachment":"scroll","background-type":"","background-media":"","overlay-type":"","overlay-color":"","overlay-opacity":"","overlay-gradient":""},"tablet":{"background-color":"var(--ast-global-color-5)","background-image":"","background-repeat":"repeat","background-position":"center center","background-size":"auto","background-attachment":"scroll","background-type":"","background-media":"","overlay-type":"","overlay-color":"","overlay-opacity":"","overlay-gradient":""},"mobile":{"background-color":"var(--ast-global-color-5)","background-image":"","background-repeat":"repeat","background-position":"center center","background-size":"auto","background-attachment":"scroll","background-type":"","background-media":"","overlay-type":"","overlay-color":"","overlay-opacity":"","overlay-gradient":""}}},"product_brand":[],"product_cat":[2262,2469],"product_tag":[],"class_list":{"0":"post-80319","1":"product","2":"type-product","3":"status-publish","4":"has-post-thumbnail","6":"product_cat-french","7":"product_cat-psychiatry","8":"desktop-align-left","9":"tablet-align-left","10":"mobile-align-left","12":"first","13":"instock","14":"featured","15":"sold-individually","16":"shipping-taxable","17":"purchasable","18":"product-type-simple"},"acf":[],"uagb_featured_image_src":{"full":["https:\/\/book-berries.com\/wp-content\/uploads\/2026\/05\/PSYCHOLOGY-11.png",1890,2363,false],"thumbnail":["https:\/\/book-berries.com\/wp-content\/uploads\/2026\/05\/PSYCHOLOGY-11-150x150.png",150,150,true],"medium":["https:\/\/book-berries.com\/wp-content\/uploads\/2026\/05\/PSYCHOLOGY-11-240x300.png",240,300,true],"medium_large":["https:\/\/book-berries.com\/wp-content\/uploads\/2026\/05\/PSYCHOLOGY-11-768x960.png",768,960,true],"large":["https:\/\/book-berries.com\/wp-content\/uploads\/2026\/05\/PSYCHOLOGY-11-819x1024.png",819,1024,true],"1536x1536":["https:\/\/book-berries.com\/wp-content\/uploads\/2026\/05\/PSYCHOLOGY-11-1229x1536.png",1229,1536,true],"2048x2048":["https:\/\/book-berries.com\/wp-content\/uploads\/2026\/05\/PSYCHOLOGY-11-1638x2048.png",1638,2048,true],"trp-custom-language-flag":["https:\/\/book-berries.com\/wp-content\/uploads\/2026\/05\/PSYCHOLOGY-11-10x12.png",10,12,true],"woocommerce_thumbnail":["https:\/\/book-berries.com\/wp-content\/uploads\/2026\/05\/PSYCHOLOGY-11-300x300.png",300,300,true],"woocommerce_single":["https:\/\/book-berries.com\/wp-content\/uploads\/2026\/05\/PSYCHOLOGY-11-600x750.png",600,750,true],"woocommerce_gallery_thumbnail":["https:\/\/book-berries.com\/wp-content\/uploads\/2026\/05\/PSYCHOLOGY-11-100x100.png",100,100,true],"dgwt-wcas-product-suggestion":["https:\/\/book-berries.com\/wp-content\/uploads\/2026\/05\/PSYCHOLOGY-11-64x80.png",64,80,true]},"uagb_author_info":{"display_name":"bookberrieslb@gmail.com","author_link":"https:\/\/book-berries.com\/ar\/author\/"},"uagb_comment_info":0,"uagb_excerpt":"Karine Albernhe","jetpack_likes_enabled":true,"jetpack_sharing_enabled":true,"_links":{"self":[{"href":"https:\/\/book-berries.com\/ar\/wp-json\/wp\/v2\/product\/80319","targetHints":{"allow":["GET"]}}],"collection":[{"href":"https:\/\/book-berries.com\/ar\/wp-json\/wp\/v2\/product"}],"about":[{"href":"https:\/\/book-berries.com\/ar\/wp-json\/wp\/v2\/types\/product"}],"replies":[{"embeddable":true,"href":"https:\/\/book-berries.com\/ar\/wp-json\/wp\/v2\/comments?post=80319"}],"wp:featuredmedia":[{"embeddable":true,"href":"https:\/\/book-berries.com\/ar\/wp-json\/wp\/v2\/media\/80278"}],"wp:attachment":[{"href":"https:\/\/book-berries.com\/ar\/wp-json\/wp\/v2\/media?parent=80319"}],"wp:term":[{"taxonomy":"product_brand","embeddable":true,"href":"https:\/\/book-berries.com\/ar\/wp-json\/wp\/v2\/product_brand?post=80319"},{"taxonomy":"product_cat","embeddable":true,"href":"https:\/\/book-berries.com\/ar\/wp-json\/wp\/v2\/product_cat?post=80319"},{"taxonomy":"product_tag","embeddable":true,"href":"https:\/\/book-berries.com\/ar\/wp-json\/wp\/v2\/product_tag?post=80319"}],"curies":[{"name":"wp","href":"https:\/\/api.w.org\/{rel}","templated":true}]}}