{"id":80320,"date":"2026-05-08T17:44:18","date_gmt":"2026-05-08T14:44:18","guid":{"rendered":"https:\/\/book-berries.com\/product\/en-attendant-godot\/"},"modified":"2026-05-08T17:44:19","modified_gmt":"2026-05-08T14:44:19","slug":"en-attendant-godot","status":"publish","type":"product","link":"https:\/\/book-berries.com\/ar\/product\/en-attendant-godot\/","title":{"rendered":"En Attendant Godot"},"content":{"rendered":"<p>L&#8217;attente comprend deux phases, l&#8217;ennui et l&#8217;angoisse. La pi\u00e8ce comprend donc deux actes, l&#8217;un grotesque, l&#8217;autre grave.<br \/>\nPr\u00e9occup\u00e9 de peu de choses hormis ses chaussures, la perspective de se pendre au seul arbre qui rompt la monotonie du paysage et Vladimir, son compagnon d&#8217;infortune, Estragon attend. Il attend Godot comme un sauveur. Mais pas plus que Vladimir, il ne conna\u00eet Godot. Aucun ne sait au juste de quoi ce myst\u00e9rieux personnage doit les sauver, si ce n&#8217;est peut-\u00eatre, justement, de l&#8217;horrible attente. Li\u00e9s par un \u00e9trange rapport de force et de tendresse, ils se haranguent l&#8217;un et l&#8217;autre et s&#8217;affublent de surnoms ridicules. Outre que ces diminutifs sugg\u00e8rent que Godot pourrait bien \u00eatre une synth\u00e8se qui ne se r\u00e9alisera qu&#8217;au prix d&#8217;un an\u00e9antissement, Didi et Gogo portent en leur sein la r\u00e9p\u00e9tition, tout comme le discours de Lucky, disque ray\u00e9 qui figure le pi\u00e9tinement incessant auquel se r\u00e9duit toute tentative de production de sens.<\/p>\n<p>Cette pi\u00e8ce compos\u00e9e en 1952, quinze ans avant que Beckett ne soit couronn\u00e9 par le prix Nobel de litt\u00e9rature, est un tour de force qui d\u00e9montre les profondeurs que peut atteindre un langage en apparence absurde. &#8211;Sana Tang-L\u00e9opold Wauters<\/p>","protected":false},"excerpt":{"rendered":"<p>Samuel Beckett<\/p>","protected":false},"featured_media":80280,"comment_status":"open","ping_status":"closed","template":"","meta":{"_acf_changed":false,"_uag_custom_page_level_css":"","site-sidebar-layout":"default","site-content-layout":"","ast-site-content-layout":"default","site-content-style":"default","site-sidebar-style":"default","ast-global-header-display":"","ast-banner-title-visibility":"","ast-main-header-display":"","ast-hfb-above-header-display":"","ast-hfb-below-header-display":"","ast-hfb-mobile-header-display":"","site-post-title":"","ast-breadcrumbs-content":"","ast-featured-img":"","footer-sml-layout":"","ast-disable-related-posts":"","theme-transparent-header-meta":"","adv-header-id-meta":"","stick-header-meta":"","header-above-stick-meta":"","header-main-stick-meta":"","header-below-stick-meta":"","astra-migrate-meta-layouts":"default","ast-page-background-enabled":"default","ast-page-background-meta":{"desktop":{"background-color":"","background-image":"","background-repeat":"repeat","background-position":"center center","background-size":"auto","background-attachment":"scroll","background-type":"","background-media":"","overlay-type":"","overlay-color":"","overlay-opacity":"","overlay-gradient":""},"tablet":{"background-color":"","background-image":"","background-repeat":"repeat","background-position":"center center","background-size":"auto","background-attachment":"scroll","background-type":"","background-media":"","overlay-type":"","overlay-color":"","overlay-opacity":"","overlay-gradient":""},"mobile":{"background-color":"","background-image":"","background-repeat":"repeat","background-position":"center center","background-size":"auto","background-attachment":"scroll","background-type":"","background-media":"","overlay-type":"","overlay-color":"","overlay-opacity":"","overlay-gradient":""}},"ast-content-background-meta":{"desktop":{"background-color":"var(--ast-global-color-5)","background-image":"","background-repeat":"repeat","background-position":"center center","background-size":"auto","background-attachment":"scroll","background-type":"","background-media":"","overlay-type":"","overlay-color":"","overlay-opacity":"","overlay-gradient":""},"tablet":{"background-color":"var(--ast-global-color-5)","background-image":"","background-repeat":"repeat","background-position":"center center","background-size":"auto","background-attachment":"scroll","background-type":"","background-media":"","overlay-type":"","overlay-color":"","overlay-opacity":"","overlay-gradient":""},"mobile":{"background-color":"var(--ast-global-color-5)","background-image":"","background-repeat":"repeat","background-position":"center center","background-size":"auto","background-attachment":"scroll","background-type":"","background-media":"","overlay-type":"","overlay-color":"","overlay-opacity":"","overlay-gradient":""}}},"product_brand":[],"product_cat":[2414,1949,1937,2242,1952,2020,2473],"product_tag":[],"class_list":{"0":"post-80320","1":"product","2":"type-product","3":"status-publish","4":"has-post-thumbnail","6":"product_cat-classics-3","7":"product_cat-drama","8":"product_cat-fiction","9":"product_cat-literature","10":"product_cat-philosophy","11":"product_cat-plays","12":"product_cat-theatre","13":"desktop-align-left","14":"tablet-align-left","15":"mobile-align-left","17":"first","18":"instock","19":"featured","20":"sold-individually","21":"shipping-taxable","22":"purchasable","23":"product-type-simple"},"acf":[],"uagb_featured_image_src":{"full":["https:\/\/book-berries.com\/wp-content\/uploads\/2026\/05\/CLASSICS-3.png",1890,2363,false],"thumbnail":["https:\/\/book-berries.com\/wp-content\/uploads\/2026\/05\/CLASSICS-3-150x150.png",150,150,true],"medium":["https:\/\/book-berries.com\/wp-content\/uploads\/2026\/05\/CLASSICS-3-240x300.png",240,300,true],"medium_large":["https:\/\/book-berries.com\/wp-content\/uploads\/2026\/05\/CLASSICS-3-768x960.png",768,960,true],"large":["https:\/\/book-berries.com\/wp-content\/uploads\/2026\/05\/CLASSICS-3-819x1024.png",819,1024,true],"1536x1536":["https:\/\/book-berries.com\/wp-content\/uploads\/2026\/05\/CLASSICS-3-1229x1536.png",1229,1536,true],"2048x2048":["https:\/\/book-berries.com\/wp-content\/uploads\/2026\/05\/CLASSICS-3-1638x2048.png",1638,2048,true],"trp-custom-language-flag":["https:\/\/book-berries.com\/wp-content\/uploads\/2026\/05\/CLASSICS-3-10x12.png",10,12,true],"woocommerce_thumbnail":["https:\/\/book-berries.com\/wp-content\/uploads\/2026\/05\/CLASSICS-3-300x300.png",300,300,true],"woocommerce_single":["https:\/\/book-berries.com\/wp-content\/uploads\/2026\/05\/CLASSICS-3-600x750.png",600,750,true],"woocommerce_gallery_thumbnail":["https:\/\/book-berries.com\/wp-content\/uploads\/2026\/05\/CLASSICS-3-100x100.png",100,100,true],"dgwt-wcas-product-suggestion":["https:\/\/book-berries.com\/wp-content\/uploads\/2026\/05\/CLASSICS-3-64x80.png",64,80,true]},"uagb_author_info":{"display_name":"bookberrieslb@gmail.com","author_link":"https:\/\/book-berries.com\/ar\/author\/"},"uagb_comment_info":0,"uagb_excerpt":"Samuel Beckett","jetpack_likes_enabled":true,"jetpack_sharing_enabled":true,"_links":{"self":[{"href":"https:\/\/book-berries.com\/ar\/wp-json\/wp\/v2\/product\/80320","targetHints":{"allow":["GET"]}}],"collection":[{"href":"https:\/\/book-berries.com\/ar\/wp-json\/wp\/v2\/product"}],"about":[{"href":"https:\/\/book-berries.com\/ar\/wp-json\/wp\/v2\/types\/product"}],"replies":[{"embeddable":true,"href":"https:\/\/book-berries.com\/ar\/wp-json\/wp\/v2\/comments?post=80320"}],"wp:featuredmedia":[{"embeddable":true,"href":"https:\/\/book-berries.com\/ar\/wp-json\/wp\/v2\/media\/80280"}],"wp:attachment":[{"href":"https:\/\/book-berries.com\/ar\/wp-json\/wp\/v2\/media?parent=80320"}],"wp:term":[{"taxonomy":"product_brand","embeddable":true,"href":"https:\/\/book-berries.com\/ar\/wp-json\/wp\/v2\/product_brand?post=80320"},{"taxonomy":"product_cat","embeddable":true,"href":"https:\/\/book-berries.com\/ar\/wp-json\/wp\/v2\/product_cat?post=80320"},{"taxonomy":"product_tag","embeddable":true,"href":"https:\/\/book-berries.com\/ar\/wp-json\/wp\/v2\/product_tag?post=80320"}],"curies":[{"name":"wp","href":"https:\/\/api.w.org\/{rel}","templated":true}]}}