{"id":80397,"date":"2026-05-12T15:46:19","date_gmt":"2026-05-12T12:46:19","guid":{"rendered":"https:\/\/book-berries.com\/product\/dialectique-du-moi-et-de-linconscient\/"},"modified":"2026-05-12T15:46:19","modified_gmt":"2026-05-12T12:46:19","slug":"dialectique-du-moi-et-de-linconscient","status":"publish","type":"product","link":"https:\/\/book-berries.com\/ar\/product\/dialectique-du-moi-et-de-linconscient\/","title":{"rendered":"Dialectique du moi et de l&#8217;inconscient"},"content":{"rendered":"<p>Cette \u0153uvre est une des plus importantes de Carl Gustav Jung. Concise, allant \u00e0 l&#8217;essentiel, elle se situe au centre m\u00eame de la pens\u00e9e du savant qui, avec Freud, puis par-del\u00e0 Freud, oriente la vie psychologique et mentale de l&#8217;humanit\u00e9 dans des voies nouvelles. Son sujet est la cl\u00e9 de la vie int\u00e9rieure.Tout le monde nouveau des profondeurs humaines, explor\u00e9 par Jung, est ax\u00e9 sur un dialogue, ou plus pr\u00e9cis\u00e9ment une \u00abdialectique entre le Moi et l&#8217;inconscient\u00bb, dont le Moi a \u00e9merg\u00e9.C.G. Jung montre combien le jeu dynamique entre le Moi et l&#8217;inconscient constitue le flux et le reflux fondamental de la vie et combien l&#8217;inconscient peut receler de messages essentiels.Aider les \u00eatres \u00e0 s&#8217;y retrouver, et ainsi \u00e0 se construire eux-m\u00eames, n&#8217;est pas seulement une r\u00e9volution humaine et m\u00e9dicale. C&#8217;est l&#8217;aventure qu&#8217;\u00e0 travers toutes les autres l&#8217;\u00eatre recherche depuis toujours.<\/p>","protected":false},"excerpt":{"rendered":"<p>C.G. Jung<\/p>","protected":false},"featured_media":80372,"comment_status":"open","ping_status":"closed","template":"","meta":{"_acf_changed":false,"_uag_custom_page_level_css":"","site-sidebar-layout":"default","site-content-layout":"","ast-site-content-layout":"default","site-content-style":"default","site-sidebar-style":"default","ast-global-header-display":"","ast-banner-title-visibility":"","ast-main-header-display":"","ast-hfb-above-header-display":"","ast-hfb-below-header-display":"","ast-hfb-mobile-header-display":"","site-post-title":"","ast-breadcrumbs-content":"","ast-featured-img":"","footer-sml-layout":"","ast-disable-related-posts":"","theme-transparent-header-meta":"","adv-header-id-meta":"","stick-header-meta":"","header-above-stick-meta":"","header-main-stick-meta":"","header-below-stick-meta":"","astra-migrate-meta-layouts":"default","ast-page-background-enabled":"default","ast-page-background-meta":{"desktop":{"background-color":"","background-image":"","background-repeat":"repeat","background-position":"center center","background-size":"auto","background-attachment":"scroll","background-type":"","background-media":"","overlay-type":"","overlay-color":"","overlay-opacity":"","overlay-gradient":""},"tablet":{"background-color":"","background-image":"","background-repeat":"repeat","background-position":"center center","background-size":"auto","background-attachment":"scroll","background-type":"","background-media":"","overlay-type":"","overlay-color":"","overlay-opacity":"","overlay-gradient":""},"mobile":{"background-color":"","background-image":"","background-repeat":"repeat","background-position":"center center","background-size":"auto","background-attachment":"scroll","background-type":"","background-media":"","overlay-type":"","overlay-color":"","overlay-opacity":"","overlay-gradient":""}},"ast-content-background-meta":{"desktop":{"background-color":"var(--ast-global-color-5)","background-image":"","background-repeat":"repeat","background-position":"center center","background-size":"auto","background-attachment":"scroll","background-type":"","background-media":"","overlay-type":"","overlay-color":"","overlay-opacity":"","overlay-gradient":""},"tablet":{"background-color":"var(--ast-global-color-5)","background-image":"","background-repeat":"repeat","background-position":"center center","background-size":"auto","background-attachment":"scroll","background-type":"","background-media":"","overlay-type":"","overlay-color":"","overlay-opacity":"","overlay-gradient":""},"mobile":{"background-color":"var(--ast-global-color-5)","background-image":"","background-repeat":"repeat","background-position":"center center","background-size":"auto","background-attachment":"scroll","background-type":"","background-media":"","overlay-type":"","overlay-color":"","overlay-opacity":"","overlay-gradient":""}}},"product_brand":[],"product_cat":[2262,2474,1955,1952,1953,2238],"product_tag":[],"class_list":{"0":"post-80397","1":"product","2":"type-product","3":"status-publish","4":"has-post-thumbnail","6":"product_cat-french","7":"product_cat-german-literature","8":"product_cat-nonfiction","9":"product_cat-philosophy","10":"product_cat-psychology","11":"product_cat-religion","12":"desktop-align-left","13":"tablet-align-left","14":"mobile-align-left","16":"first","17":"instock","18":"featured","19":"sold-individually","20":"shipping-taxable","21":"purchasable","22":"product-type-simple"},"acf":[],"uagb_featured_image_src":{"full":["https:\/\/book-berries.com\/wp-content\/uploads\/2026\/05\/PSYCHOLOGY-13.png",1890,2363,false],"thumbnail":["https:\/\/book-berries.com\/wp-content\/uploads\/2026\/05\/PSYCHOLOGY-13-150x150.png",150,150,true],"medium":["https:\/\/book-berries.com\/wp-content\/uploads\/2026\/05\/PSYCHOLOGY-13-240x300.png",240,300,true],"medium_large":["https:\/\/book-berries.com\/wp-content\/uploads\/2026\/05\/PSYCHOLOGY-13-768x960.png",768,960,true],"large":["https:\/\/book-berries.com\/wp-content\/uploads\/2026\/05\/PSYCHOLOGY-13-819x1024.png",819,1024,true],"1536x1536":["https:\/\/book-berries.com\/wp-content\/uploads\/2026\/05\/PSYCHOLOGY-13-1229x1536.png",1229,1536,true],"2048x2048":["https:\/\/book-berries.com\/wp-content\/uploads\/2026\/05\/PSYCHOLOGY-13-1638x2048.png",1638,2048,true],"trp-custom-language-flag":["https:\/\/book-berries.com\/wp-content\/uploads\/2026\/05\/PSYCHOLOGY-13-10x12.png",10,12,true],"woocommerce_thumbnail":["https:\/\/book-berries.com\/wp-content\/uploads\/2026\/05\/PSYCHOLOGY-13-300x300.png",300,300,true],"woocommerce_single":["https:\/\/book-berries.com\/wp-content\/uploads\/2026\/05\/PSYCHOLOGY-13-600x750.png",600,750,true],"woocommerce_gallery_thumbnail":["https:\/\/book-berries.com\/wp-content\/uploads\/2026\/05\/PSYCHOLOGY-13-100x100.png",100,100,true],"dgwt-wcas-product-suggestion":["https:\/\/book-berries.com\/wp-content\/uploads\/2026\/05\/PSYCHOLOGY-13-64x80.png",64,80,true]},"uagb_author_info":{"display_name":"bookberrieslb@gmail.com","author_link":"https:\/\/book-berries.com\/ar\/author\/"},"uagb_comment_info":0,"uagb_excerpt":"C.G. Jung","jetpack_likes_enabled":true,"jetpack_sharing_enabled":true,"_links":{"self":[{"href":"https:\/\/book-berries.com\/ar\/wp-json\/wp\/v2\/product\/80397","targetHints":{"allow":["GET"]}}],"collection":[{"href":"https:\/\/book-berries.com\/ar\/wp-json\/wp\/v2\/product"}],"about":[{"href":"https:\/\/book-berries.com\/ar\/wp-json\/wp\/v2\/types\/product"}],"replies":[{"embeddable":true,"href":"https:\/\/book-berries.com\/ar\/wp-json\/wp\/v2\/comments?post=80397"}],"wp:featuredmedia":[{"embeddable":true,"href":"https:\/\/book-berries.com\/ar\/wp-json\/wp\/v2\/media\/80372"}],"wp:attachment":[{"href":"https:\/\/book-berries.com\/ar\/wp-json\/wp\/v2\/media?parent=80397"}],"wp:term":[{"taxonomy":"product_brand","embeddable":true,"href":"https:\/\/book-berries.com\/ar\/wp-json\/wp\/v2\/product_brand?post=80397"},{"taxonomy":"product_cat","embeddable":true,"href":"https:\/\/book-berries.com\/ar\/wp-json\/wp\/v2\/product_cat?post=80397"},{"taxonomy":"product_tag","embeddable":true,"href":"https:\/\/book-berries.com\/ar\/wp-json\/wp\/v2\/product_tag?post=80397"}],"curies":[{"name":"wp","href":"https:\/\/api.w.org\/{rel}","templated":true}]}}